{"id":2932,"date":"2024-11-11T15:08:35","date_gmt":"2024-11-11T15:08:35","guid":{"rendered":"https:\/\/x24.vg.is\/glosujmy-za-natura\/"},"modified":"2024-11-15T14:25:55","modified_gmt":"2024-11-15T14:25:55","slug":"glosujmy-za-natura","status":"publish","type":"page","link":"https:\/\/x24.vg.is\/pl\/glosujmy-za-natura\/","title":{"rendered":"G\u0142osujmy za natur\u0105"},"content":{"rendered":"\n<p>Chro\u0144my dzikie tereny Islandii oraz jej przyrod\u0119<\/p>\n\n<p>Emitujemy mniej zanieczyszcze\u0144, a utylizujemy ich wi\u0119cej, poprzez szybkie i odpowiednio finansowane dzia\u0142ania.<\/p>\n\n<p>Ustan\u00f3wmy sprawiedliwe op\u0142aty za korzystanie z zasob\u00f3w naturalnych dla dobra narodu i utrzymujmy zasoby energetyczne i infrastruktur\u0119 w r\u0119kach publicznych.<\/p>\n\n<p><strong>Ochrona przyrody to priorytet<\/strong><\/p>\n\n<ul class=\"wp-block-list\">\n<li>Przyroda Islandii jest wyj\u0105tkowa. Nale\u017cy zwi\u0119kszy\u0107 liczb\u0119 obszar\u00f3w chronionych, tak aby obejmowa\u0142y co najmniej 30% powierzchni l\u0105dowej i morskiej do roku 2030, zgodnie z mi\u0119dzynarodowymi zobowi\u0105zaniami. <\/li>\n\n\n\n<li>Nale\u017cy stworzy\u0107 sie\u0107 park\u00f3w narodowych i rezerwat\u00f3w przyrody obejmuj\u0105c\u0105 m.in. centralny p\u0142askowy\u017c, Brei\u00f0afj\u00f6r\u00f0ur i wy\u017cyny na Zachodnich Fiordach.<\/li>\n\n\n\n<li>Polityka u\u017cytkowania grunt\u00f3w na Islandii powinna opiera\u0107 si\u0119 na zr\u00f3wnowa\u017conym wykorzystaniu, gdzie ochrona i przywracanie ekosystem\u00f3w, w tym las\u00f3w, wrzosowisk, teren\u00f3w pag\u00f3rkowatych i mokrade\u0142, odgrywa kluczow\u0105 rol\u0119.<\/li>\n\n\n\n<li>Nale\u017cy zakaza\u0107 po\u0142ow\u00f3w wieloryb\u00f3w oraz innych morskich ssak\u00f3w w islandzkiej strefie wodnej.<\/li>\n\n\n\n<li>Rolnicy s\u0105 stra\u017cnikami ziemi. Nale\u017cy zwi\u0119kszy\u0107 ich mo\u017cliwo\u015bci zarobkowania dzi\u0119ki ochronie przyrody, np. poprzez zachowanie i przywracanie warto\u015bci naturalnych oraz zarz\u0105dzanie chronionymi obszarami. <\/li>\n\n\n\n<li>Nale\u017cy ustanowi\u0107 kompleksowe ramy prawne dla akwakultury, zwi\u0119kszy\u0107 liczb\u0119 obszar\u00f3w chronionych, w tym w Eyjafj\u00f6r\u00f0ur i \u00d6xarfj\u00f6r\u00f0ur, nak\u0142ania\u0107 do bardziej ekologicznej produkcji i wyznaczy\u0107 plan wycofywania hodowli ryb w otwartych klatkach morskich. <\/li>\n\n\n\n<li>Spo\u0142ecze\u0144stwo, a szczeg\u00f3lnie m\u0142odzie\u017c, powinno mie\u0107 bezpo\u015bredni wp\u0142yw na decyzje dotycz\u0105ce kwestii \u015brodowiskowych i zasob\u00f3w, a status prawny organizacji ochrony przyrody nale\u017cy zagwarantowa\u0107 zgodnie z postanowieniami Konwencji z Aarhus. <\/li>\n<\/ul>\n\n<p><strong>Zr\u00f3wnowa\u017cone korzystanie z zasob\u00f3w w zgodzie z natur\u0105 i spo\u0142ecze\u0144stwem<\/strong><\/p>\n\n<ul class=\"wp-block-list\">\n<li>Zasoby energetyczne i infrastruktura energetyczna powinny pozostawa\u0107 w r\u0119kach publicznych, a zasoby energetyczne kraju powinny by\u0107 wykorzystywane przede wszystkim do zaspokajania krajowych potrzeb energetycznych i wsparcia przej\u015bcia na odnawialne \u017ar\u00f3d\u0142a energii.<\/li>\n\n\n\n<li>Nale\u017cy wprowadzi\u0107 uczciwe op\u0142aty za korzystanie z zasob\u00f3w b\u0119d\u0105cych w\u0142asno\u015bci\u0105 narodow\u0105, niezale\u017cnie od tego, czy chodzi o ziemi\u0119, energi\u0119, wiatr, zasoby morskie, czy inne.<\/li>\n\n\n\n<li>W konstytucji nale\u017cy zagwarantowa\u0107 przepisy dotycz\u0105ce zasob\u00f3w naturalnych, jak r\u00f3wnie\u017c jasne postanowienia o ochronie \u015brodowiska i przyrody.<\/li>\n\n\n\n<li>Nale\u017cy sprzeciwi\u0107 si\u0119 eksportowi energii poprzez kabel podmorski lub jako paliwa syntetycznego oraz zapobiega\u0107 wydobywaniu kryptowalut w kraju.<\/li>\n\n\n\n<li>Potrzebna jest jasna strategia dotycz\u0105ca wykorzystania energii wiatrowej na l\u0105dzie i na morzu, okre\u015blaj\u0105ca, gdzie takie elektrownie mog\u0105 powstawa\u0107. Na l\u0105dzie elektrownie wiatrowe powinny by\u0107 budowane wy\u0142\u0105cznie na terenach ju\u017c naruszonych przez cz\u0142owieka. <\/li>\n\n\n\n<li>Nale\u017cy wspiera\u0107 innowacje sprzyjaj\u0105ce gospodarce w obiegu zamkni\u0119tym, oferuj\u0105c zach\u0119ty do zmniejszania marnotrawstwa zasob\u00f3w, zwi\u0119kszania ich ponownego wykorzystania i recyklingu oraz wykorzystania odpad\u00f3w z jednego procesu produkcyjnego jako surowc\u00f3w dla innych produkt\u00f3w. Nale\u017cy ograniczy\u0107 powstawanie odpad\u00f3w poprzez zaostrzenie wymog\u00f3w i wsparcie dla producent\u00f3w. <\/li>\n\n\n\n<li>Nale\u017cy chroni\u0107 dobre tereny rolnicze i wykorzystywa\u0107 je do zr\u00f3wnowa\u017conej produkcji \u017cywno\u015bci.<\/li>\n<\/ul>\n\n<p><strong>Kwestie klimatyczne<\/strong><\/p>\n\n<ul class=\"wp-block-list\">\n<li>Nale\u017cy prawnie ustanowi\u0107 niezale\u017cny cel Islandii zak\u0142adaj\u0105cy 55% redukcj\u0119 emisji gaz\u00f3w cieplarnianych do 2030 roku, wyznaczy\u0107 cel osi\u0105gni\u0119cia neutralno\u015bci w\u0119glowej do 2040 roku, opracowa\u0107 ca\u0142o\u015bciow\u0105 polityk\u0119 klimatyczn\u0105, przyspieszy\u0107 dzia\u0142ania i wdro\u017cy\u0107 dodatkowe \u015brodki, takie jak zwi\u0119kszenie funduszy na inicjatywy klimatyczne. <\/li>\n\n\n\n<li>Islandia musi przewodzi\u0107 w redukcji emisji gaz\u00f3w cieplarnianych we wszystkich sektorach. Konieczne jest stworzenie planu dzia\u0142ania z odpowiednim finansowaniem dla redukcji emisji z u\u017cytkowania grunt\u00f3w, eliminacji paliw kopalnych do 2040 roku oraz przej\u015bcia na energi\u0119 odnawialn\u0105 w transporcie, ci\u0119\u017ckim transporcie, rybo\u0142\u00f3wstwie, rolnictwie i budownictwie. Nale\u017cy r\u00f3wnie\u017c rozwa\u017cy\u0107 zakaz reklam paliw kopalnych.  <\/li>\n\n\n\n<li>Greenwashing czyli eko k\u0142amstwo powinno by\u0107 zakazane prawnie, a emisje zwi\u0105zane z produkcj\u0105 i konsumpcj\u0105 d\u00f3br powinny zosta\u0107 zmniejszone. Wspierajmy innowacje i technologie, kt\u00f3re pomagaj\u0105 w walce ze zmianami klimatycznymi, takie jak wychwytywanie i sk\u0142adowanie dwutlenku w\u0119gla.<\/li>\n\n\n\n<li>Zasada \u201ezanieczyszczaj\u0105cy p\u0142aci\u201d powinna by\u0107 wdro\u017cona do ka\u017cdej polityki, tak aby osoby lub firmy odpowiedzialne za zanieczyszczenia ponosi\u0142y ich koszty.<\/li>\n\n\n\n<li>Nale\u017cy przyspieszy\u0107 budow\u0119 \u015bcie\u017cek dla pieszych i rowerowych, wprowadzi\u0107 przepisy o transporcie publicznym, zapewni\u0107 jego przej\u015bcie na energi\u0119 odnawialn\u0105, rozwija\u0107 komunikacj\u0119 publiczn\u0105 w ca\u0142ym kraju i uczyni\u0107 j\u0105 dost\u0119pn\u0105 dla os\u00f3b z niepe\u0142nosprawno\u015bciami ruchowymi. W miar\u0119 mo\u017cliwo\u015bci nale\u017cy przyspieszy\u0107 rozbudow\u0119 linii miejskiej Borgarl\u00ednan, oraz nale\u017cy zwi\u0119kszy\u0107 wsparcie dla Str\u00e6t\u00f3 przy pomocy funduszy pa\u0144stwowych. Priorytetem powinna by\u0107 ekologiczna komunikacja drogowa mi\u0119dzy obszarem sto\u0142ecznym a lotniskiem w Keflav\u00edku.   <\/li>\n\n\n\n<li>Do 2040 roku ca\u0142a produkcja \u017cywno\u015bci na Islandii powinna osi\u0105gn\u0105\u0107 neutralno\u015b\u0107 w\u0119glow\u0105 i wspiera\u0107 popraw\u0119 zdrowia publicznego. Islandzka produkcja \u017cywno\u015bci powinna zagwarantowa\u0107 bezpiecze\u0144stwo \u017cywno\u015bciowe i by\u0107 liderem w zakresie przyjaznych \u015brodowisku i zdrowych produkt\u00f3w.  <\/li>\n<\/ul>\n\n<p><strong>Dzia\u0142ania w zakresie ochrony przyrody i klimatu musz\u0105 by\u0107 radykalne, zapewnia\u0107 sprawiedliw\u0105 transformacj\u0119 i wspiera\u0107 rozw\u00f3j neutralnej w\u0119glowo gospodarki o obiegu zamkni\u0119tym.<\/strong><\/p>\n","protected":false},"excerpt":{"rendered":"<p>Chro\u0144my dzikie tereny Islandii oraz jej przyrod\u0119 Emitujemy mniej zanieczyszcze\u0144, a utylizujemy ich wi\u0119cej, poprzez szybkie i odpowiednio finansowane dzia\u0142ania. Ustan\u00f3wmy sprawiedliwe op\u0142aty za korzystanie z zasob\u00f3w naturalnych dla dobra narodu i utrzymujmy zasoby energetyczne i infrastruktur\u0119 w r\u0119kach publicznych. Ochrona przyrody to priorytet Zr\u00f3wnowa\u017cone korzystanie z zasob\u00f3w w zgodzie z natur\u0105 i spo\u0142ecze\u0144stwem Kwestie [&hellip;]<\/p>\n","protected":false},"author":2,"featured_media":0,"parent":0,"menu_order":0,"comment_status":"closed","ping_status":"closed","template":"","meta":{"footnotes":""},"malefni":[],"class_list":["post-2932","page","type-page","status-publish","hentry"],"_links":{"self":[{"href":"https:\/\/x24.vg.is\/pl\/wp-json\/wp\/v2\/pages\/2932","targetHints":{"allow":["GET"]}}],"collection":[{"href":"https:\/\/x24.vg.is\/pl\/wp-json\/wp\/v2\/pages"}],"about":[{"href":"https:\/\/x24.vg.is\/pl\/wp-json\/wp\/v2\/types\/page"}],"author":[{"embeddable":true,"href":"https:\/\/x24.vg.is\/pl\/wp-json\/wp\/v2\/users\/2"}],"replies":[{"embeddable":true,"href":"https:\/\/x24.vg.is\/pl\/wp-json\/wp\/v2\/comments?post=2932"}],"version-history":[{"count":1,"href":"https:\/\/x24.vg.is\/pl\/wp-json\/wp\/v2\/pages\/2932\/revisions"}],"predecessor-version":[{"id":2933,"href":"https:\/\/x24.vg.is\/pl\/wp-json\/wp\/v2\/pages\/2932\/revisions\/2933"}],"wp:attachment":[{"href":"https:\/\/x24.vg.is\/pl\/wp-json\/wp\/v2\/media?parent=2932"}],"wp:term":[{"taxonomy":"malefni","embeddable":true,"href":"https:\/\/x24.vg.is\/pl\/wp-json\/wp\/v2\/malefni?post=2932"}],"curies":[{"name":"wp","href":"https:\/\/api.w.org\/{rel}","templated":true}]}}