{"id":2928,"date":"2024-11-11T15:10:10","date_gmt":"2024-11-11T15:10:10","guid":{"rendered":"https:\/\/x24.vg.is\/glosujmy-na-spojne-spoleczenstwo-i-wytrzymale-uslugi-publiczne\/"},"modified":"2024-11-15T14:14:57","modified_gmt":"2024-11-15T14:14:57","slug":"glosujmy-na-spojne-spoleczenstwo-i-wytrzymale-uslugi-publiczne","status":"publish","type":"page","link":"https:\/\/x24.vg.is\/pl\/glosujmy-na-spojne-spoleczenstwo-i-wytrzymale-uslugi-publiczne\/","title":{"rendered":"G\u0142osujmy na sp\u00f3jne spo\u0142ecze\u0144stwo i wytrzyma\u0142e us\u0142ugi publiczne"},"content":{"rendered":"\n<p><strong>Rodziny z dzie\u0107mi zyskaj\u0105 wi\u0119cej wsp\u00f3lnego czasu. Wzrosn\u0105 \u015bwiadczenia z tytu\u0142u urlopu macierzy\u0144skiego i zasi\u0142ki na dzieci dla rodzin o niskich dochodach <\/strong><\/p>\n\n<p><strong>Zadbajmy lepiej o dzieci, nauczycieli i pracownik\u00f3w szk\u00f3\u0142 <\/strong><\/p>\n\n<p><strong>Nauka powinna by\u0107 bezp\u0142atna<\/strong><\/p>\n\n<p><strong>Mieszkania dla ludzi \u2013 nie inwestor\u00f3w<\/strong><\/p>\n\n<p><strong>Kluczowymi elementami us\u0142ug publicznych s\u0105 us\u0142ugi spo\u0142eczne, opieki spo\u0142ecznej, psychicznej i zdrowotnej na poziomie spo\u0142eczno\u015bci, dost\u0119p do bezpiecznych mieszka\u0144, r\u00f3wny dost\u0119p do edukacji oraz zapewnienie, \u017ce \u015brodki utrzymania ludzi s\u0105 wystarczaj\u0105ce do prowadzenia zdrowego i bezpiecznego \u017cycia.<\/strong><\/p>\n\n<p><strong>Spo\u0142ecze\u0144stwo przyjazne dzieciom<\/strong><\/p>\n\n<ul class=\"wp-block-list\">\n<li>Dzieci powinny \u017cy\u0107 wolne od przemocy, rasizmu, podzia\u0142u klasowego i mizoginii. Konieczne jest m.in. zwi\u0119kszone wsparcie w szko\u0142ach i odpowiedni zesp\u00f3\u0142, ulepszona infrastruktura oraz jasne procedury, pomoce naukowe, narz\u0119dzia i zakres, aby zapewni\u0107 tak\u0105 swobod\u0119. <\/li>\n\n\n\n<li>Pracujmy systematycznie przeciwko ub\u00f3stwu w\u015br\u00f3d dzieci. Poprawmy \u015bwiadczenia dla rodzin o ni\u017cszych dochodach poprzez dalsze wzmacnianie systemu \u015bwiadcze\u0144 na dzieci, ze szczeg\u00f3lnym uwzgl\u0119dnieniem samotnych rodzic\u00f3w.  <\/li>\n\n\n\n<li>Wype\u0142nijmy luk\u0119 pomi\u0119dzy urlopem macierzy\u0144skim a przedszkolem wprowadzaj\u0105c ram\u0119 czasow\u0105 we wsp\u00f3\u0142pracy z w\u0142adzami lokalnymi. Nale\u017cy znie\u015b\u0107 obni\u017cki minimalnych \u015bwiadcze\u0144 podczas urlopu macierzy\u0144skiego i zwi\u0119kszy\u0107 \u015bwiadczenia macierzy\u0144skie. <\/li>\n\n\n\n<li>Eliminujmy kolejki oczekuj\u0105cych na us\u0142ugi dla dzieci, gdzie ani finanse, ani miejsce zamieszkania nie mog\u0105 by\u0107 przeszkod\u0105. Nale\u017cy rozszerzy\u0107 mo\u017cliwo\u015bci terapie dzieci z wieloaspektowymi trudno\u015bciami <\/li>\n\n\n\n<li>Czas sp\u0119dzony z bliskimi to jeden z fundament\u00f3w dobrego samopoczucia. Kontynuujmy prac\u0119 w skr\u00f3ceniu tygodnia pracy tak, aby dotar\u0142o do wszystkich i poprawi\u0142o interakcj\u0119 mi\u0119dzy prac\u0105 a \u017cyciem rodzinnym.  <\/li>\n<\/ul>\n\n<p><strong>\u015acie\u017cka edukacyjna<\/strong><\/p>\n\n<ul class=\"wp-block-list\">\n<li>Nale\u017cy u\u017cy\u0107 wszelkich sposob\u00f3w, aby przeciwdzia\u0142a\u0107 podzia\u0142owi w systemie szkolnym. Zapewnijmy darmow\u0105 szko\u0142\u0119 na wszystkich poziomach i r\u00f3wno\u015b\u0107 w o\u015bwiacie. Ustawowo wprowad\u017amy etap przedszkolny w spos\u00f3b stopniowy.   <\/li>\n\n\n\n<li>Docenijmy prac\u0119 nauczycieli. Zwi\u0119kszmy wsparcie dla nauczycieli, m.in nauk\u0119 islandzkiego dla dzieci imigrant\u00f3w, zagwarantujemy im godne warunki pracy i zapewnijmy wyr\u00f3wnanie wynagrodze\u0144 nauczycieli z wykszta\u0142ceniem pedagogicznym na r\u00f3wnych zasadach z rynkiem powszechnym. <\/li>\n\n\n\n<li>Wspierajmy szerok\u0105 gam\u0119 kierunk\u00f3w uniwersyteckich oraz szereg dodatkowych kurs\u00f3w w szko\u0142ach \u015brednich, w tym tak\u017ce przedmioty artystyczne. Studenci musz\u0105 mie\u0107 mo\u017cliwo\u015b\u0107 studiowania na odleg\u0142o\u015b\u0107 w ca\u0142ym kraju. <\/li>\n\n\n\n<li>Promujmy badania podstawowe, bo to one stanowi\u0105 podstaw\u0119 innowacji i wiedzy. Silne i dobrze finansowane uniwersytety odgrywaj\u0105 kluczow\u0105 rol\u0119. Nale\u017cy zwi\u0119kszy\u0107 dodatki, aby\u015bmy osi\u0105gn\u0119li nordyck\u0105 \u015bredni\u0105 na poziomie uniwersyteckim.  <\/li>\n\n\n\n<li>Ka\u017cdy ucze\u0144 ma prawo do nauki swojego j\u0119zyka ojczystego. Dotyczy to tak\u017ce dzieci, kt\u00f3rych j\u0119zykiem ojczystym jest j\u0119zyk migowy oraz dzieci obcego pochodzenia. <\/li>\n<\/ul>\n\n<p><strong>Godne warunki \u2013 godziwe i r\u00f3wne dochody<\/strong><\/p>\n\n<ul class=\"wp-block-list\">\n<li>Zapewnijmy nieugi\u0119te us\u0142ugi publiczne niezale\u017cnie od miejsca zamieszkania i gospodarki oraz prawo spo\u0142ecze\u0144stwa do zdrowego \u015brodowiska i warunk\u00f3w. VG odrzuca prywatyzacj\u0119 infrastruktury i us\u0142ug publicznych <\/li>\n\n\n\n<li>Nale\u017cy wzmocni\u0107 publiczny system opieki zdrowotnej, skr\u00f3ci\u0107 listy oczekuj\u0105cych i zwi\u0119kszy\u0107 liczb\u0119 us\u0142ug w zakresie zdrowia psychicznego<\/li>\n\n\n\n<li>VG odrzuca polityk\u0119 oszcz\u0119dno\u015bciow\u0105 w walce z inflacj\u0105. Konieczne jest wyeliminowanie systematycznych zach\u0119t inflacyjnych poprzez wsp\u00f3lne wysi\u0142ki rz\u0105du centralnego, Banku Centralnego i gmin. <\/li>\n\n\n\n<li>Polityka gospodarcza powinna zmniejsza\u0107 nier\u00f3wno\u015bci, pob\u00f3r dochod\u00f3w sektora publicznego kt\u00f3ry powinien by\u0107 sprawiedliwy i sprzyja\u0107 harmonii spo\u0142ecznej, tak aby coraz bogatsi wnosili wi\u0119kszy wk\u0142ad. Wsparcie dla os\u00f3b starszych i pobieraj\u0105cych rent\u0119 nie powinno by\u0107 nigdy ni\u017csze ni\u017c p\u0142aca minimalna. <\/li>\n\n\n\n<li>Podatek dochodowy od kapita\u0142u powinien by\u0107 wielopoziomowy, tak aby osoby posiadaj\u0105ce du\u017ce aktywa p\u0142aci\u0142y wy\u017csz\u0105 stawk\u0119 ni\u017c zwykli ludzie posiadaj\u0105cy skromne oszcz\u0119dno\u015bci. <\/li>\n\n\n\n<li>Nale\u017cy znacznie zwi\u0119kszy\u0107 kontrol\u0119 podatkow\u0105, gdy\u017c przypadki uchylania si\u0119 od p\u0142acenia podatk\u00f3w szacuje si\u0119 na 100 miliard\u00f3w rocznie. <\/li>\n\n\n\n<li>Ci, kt\u00f3rzy otrzymaj\u0105 zezwolenie na korzystanie z zasob\u00f3w kraju, musz\u0105 wp\u0142aca\u0107 wi\u0119ksz\u0105 cz\u0119\u015b\u0107 wp\u0142yw\u00f3w na fundusz wsp\u00f3lny. Przejrzysto\u015b\u0107 w zakresie stosunk\u00f3w maj\u0105tkowych w bran\u017cy rybo\u0142\u00f3wstwa zostanie wzmocnione przy jednoczesnym podwy\u017cszeniu op\u0142at po\u0142owowych za po\u0142owy na du\u017c\u0105 skal\u0119. <\/li>\n\n\n\n<li>VG chce zwi\u0119kszy\u0107 odsetek stypendi\u00f3w od po\u017cyczek, przyjrze\u0107 si\u0119 korzy\u015bciom p\u0142yn\u0105cym z nieoprocentowania kredyt\u00f3w studenckich i ich anulowania po przej\u015bciu na emerytur\u0119 lub przej\u015bciu na rent\u0119 inwalidzk\u0105.<\/li>\n<\/ul>\n\n<p><strong>Bezpieczne mieszkania i warunki mieszkaniowe<\/strong><\/p>\n\n<ul class=\"wp-block-list\">\n<li>Mieszkania powinny by\u0107 dla ludzi, a nie dla inwestor\u00f3w. Ulgi podatkowe od sprzeda\u017cy dodatkowych mieszka\u0144 powinny by\u0107 ograniczone i przynosi\u0107 korzy\u015b\u0107 zwyk\u0142ym ludziom, a nie inwestorom. Powinny zosta\u0107 wprowadzone dalsze ograniczenia dotycz\u0105ce najmu kr\u00f3tkoterminowego (np. Airbnb).  <\/li>\n\n\n\n<li>Konieczne jest przeciwdzia\u0142anie skutkom polityki wysokich st\u00f3p procentowych dla og\u00f3\u0142u spo\u0142ecze\u0144stwa poprzez wsparcie oprocentowania kredyt\u00f3w, wprowadzenie zmodyfikowanego systemu oszcz\u0119dno\u015bci na w\u0142asne mieszkanie, zwi\u0119kszenie liczby mieszka\u0144 na wynajem dzi\u0119ki wy\u017cszym dotacjom oraz wprowadzenie kontroli czynsz\u00f3w. <\/li>\n\n\n\n<li>Nale\u017cy stworzy\u0107 odpowiedni system mieszka\u0144 socjalnych we wsp\u00f3\u0142pracy z pa\u0144stwem, gminami i zwi\u0105zkami zawodowymi oraz znacznie zwi\u0119kszy\u0107 dost\u0119pno\u015b\u0107 mieszka\u0144 na terenie ca\u0142ego kraju. Nale\u017cy zwi\u0119ksza\u0107 mo\u017cliwo\u015bci pa\u0144stwa rozwoju infrastruktury, r\u00f3wnolegle ze zwi\u0119kszeniem dost\u0119pno\u015bci grunt\u00f3w budowlanych gmin. <\/li>\n\n\n\n<li>System po\u017cyczek udzia\u0142owych powinien zosta\u0107 ponownie rozpatrzony w celu umo\u017cliwienia zakupu w\u0142asnego domu osobom o niskich dochodach, w tym osobom otrzymuj\u0105cym renty inwalidzkie.<\/li>\n\n\n\n<li>Nale\u017cy przeprowadzi\u0107 reformy system\u00f3w rozwoju regionalnego i gospodarczego oraz zapewni\u0107 sprawiedliwy podzia\u0142 rybo\u0142\u00f3wstwa przybrze\u017cnego mi\u0119dzy regionami kraju. Trzeba zagwarantowa\u0107 aby nowy system wsparcia dla rolnictwa by\u0142 skuteczny w tym aby zwi\u0119kszy\u0107 dotacje, inwestycje oraz wsparcie dla rolnik\u00f3w. <\/li>\n\n\n\n<li>Bud\u017cet na plan komunikacyjny powinien zosta\u0107 zwi\u0119kszony, aby mo\u017cliwe by\u0142o przyspieszenie jego pilnych projekt\u00f3w, sfinansowanie planu budowy tuneli i dotrzymanie umowy komunikacyjnej w regionie sto\u0142ecznym. <\/li>\n\n\n\n<li>Nale\u017cy zapewni\u0107 dost\u0119p do opieki zdrowotnej i lek\u00f3w dla wszystkich, niezale\u017cnie od miejsca zamieszkania. Trzeba rozwija\u0107 o\u015brodki zdrowia w ca\u0142ym kraju w celu zapewnienia podstawowej opieki zdrowotnej wszystkim mieszka\u0144com kraju.  <\/li>\n\n\n\n<li>Nale\u017cy kontynuowa\u0107 rozwijanie us\u0142ug dla os\u00f3b starszych i integrowa\u0107 opiek\u0119 zdrowotn\u0105 z us\u0142ugami socjalnymi w ramach projektu \u201eDobrze si\u0119 starze\u0107\u201d.<\/li>\n\n\n\n<li>Konieczne jest zapewnienie bezpiecze\u0144stwa energetycznego dla gospodarstw domowych, aby chroni\u0107 je przed nadmiernym wzrostem cen energii elektrycznej.<\/li>\n<\/ul>\n\n<p><strong>R\u00f3\u017cnorodne spo\u0142ecze\u0144stwo<\/strong><\/p>\n\n<ul class=\"wp-block-list\">\n<li>R\u00f3\u017cnorodno\u015b\u0107 jest si\u0142\u0105 ka\u017cdego spo\u0142ecze\u0144stwa, dlatego te\u017c spo\u0142ecze\u0144stwo islandzkie powinno z otwarto\u015bci\u0105 przyjmowa\u0107 tych, kt\u00f3rzy tu przybywaj\u0105, niezale\u017cnie od ich pochodzenia ani powod\u00f3w z jakich si\u0119 tu znale\u017ali. Nale\u017cy pracowa\u0107 nad czynn\u0105 integracj\u0105 przyjezdnych do spo\u0142ecze\u0144stwa oraz wzmocnieniem pozycji grup marginalizowanych. <\/li>\n\n\n\n<li>Ka\u017cdemu kto emigruje do Islandii powinna by\u0107 zapewniona nauka j\u0119zyka islandzkiego, bezp\u0142atnie, w godzinach pracy i bez utraty wynagrodzenia. <\/li>\n\n\n\n<li>Nale\u017cy dokona\u0107 przegl\u0105du organizacji oraz procedur Urz\u0119du Imigracyjnego, aby jego dzia\u0142alno\u015b\u0107 w pe\u0142ni uwzgl\u0119dnia\u0142a Konwencj\u0119 ONZ o prawach dziecka, Konwencj\u0119 ONZ o prawach os\u00f3b z niepe\u0142nosprawno\u015bciami oraz inne mi\u0119dzynarodowe traktaty dotycz\u0105ce praw cz\u0142owieka. <\/li>\n\n\n\n<li>Ka\u017cda osoba powinna mie\u0107 pe\u0142ne i r\u00f3wne prawa w spo\u0142ecze\u0144stwie, niezale\u017cnie od tego, jak si\u0119 identyfikuje. <\/li>\n\n\n\n<li>Nale\u017cy wprowadzi\u0107 jasne ramy prawne i sankcje za mow\u0119 nienawi\u015bci oraz przest\u0119pstwa nienawi\u015bci skierowane przeciwko osobom LGBTQ+, imigrantom, osobom z niepe\u0142nosprawno\u015bciami, kobietom oraz innym grupom. <\/li>\n\n\n\n<li>Kultura i sztuka powinny by\u0107 og\u00f3lnodost\u0119pne dla wszystkich grup spo\u0142ecznych, a bariery uniemo\u017cliwiaj\u0105ce ludziom korzystanie z r\u00f3\u017cnorodnych form kultury powinny zosta\u0107 usuni\u0119te.<\/li>\n<\/ul>\n\n<p><strong>Zapewnijmy wszystkim dzieciom i m\u0142odzie\u017cy mo\u017cliwo\u015bci rozwoju, ka\u017cdemu cz\u0142onkowi spo\u0142ecze\u0144stwa godne warunki \u017cycia, a rodzinom bezpieczny dach nad g\u0142ow\u0105.<\/strong><\/p>\n","protected":false},"excerpt":{"rendered":"<p>Rodziny z dzie\u0107mi zyskaj\u0105 wi\u0119cej wsp\u00f3lnego czasu. Wzrosn\u0105 \u015bwiadczenia z tytu\u0142u urlopu macierzy\u0144skiego i zasi\u0142ki na dzieci dla rodzin o niskich dochodach Zadbajmy lepiej o dzieci, nauczycieli i pracownik\u00f3w szk\u00f3\u0142 Nauka powinna by\u0107 bezp\u0142atna Mieszkania dla ludzi \u2013 nie inwestor\u00f3w Kluczowymi elementami us\u0142ug publicznych s\u0105 us\u0142ugi spo\u0142eczne, opieki spo\u0142ecznej, psychicznej i zdrowotnej na poziomie spo\u0142eczno\u015bci, [&hellip;]<\/p>\n","protected":false},"author":2,"featured_media":0,"parent":0,"menu_order":0,"comment_status":"closed","ping_status":"closed","template":"","meta":{"footnotes":""},"malefni":[],"class_list":["post-2928","page","type-page","status-publish","hentry"],"_links":{"self":[{"href":"https:\/\/x24.vg.is\/pl\/wp-json\/wp\/v2\/pages\/2928","targetHints":{"allow":["GET"]}}],"collection":[{"href":"https:\/\/x24.vg.is\/pl\/wp-json\/wp\/v2\/pages"}],"about":[{"href":"https:\/\/x24.vg.is\/pl\/wp-json\/wp\/v2\/types\/page"}],"author":[{"embeddable":true,"href":"https:\/\/x24.vg.is\/pl\/wp-json\/wp\/v2\/users\/2"}],"replies":[{"embeddable":true,"href":"https:\/\/x24.vg.is\/pl\/wp-json\/wp\/v2\/comments?post=2928"}],"version-history":[{"count":1,"href":"https:\/\/x24.vg.is\/pl\/wp-json\/wp\/v2\/pages\/2928\/revisions"}],"predecessor-version":[{"id":2929,"href":"https:\/\/x24.vg.is\/pl\/wp-json\/wp\/v2\/pages\/2928\/revisions\/2929"}],"wp:attachment":[{"href":"https:\/\/x24.vg.is\/pl\/wp-json\/wp\/v2\/media?parent=2928"}],"wp:term":[{"taxonomy":"malefni","embeddable":true,"href":"https:\/\/x24.vg.is\/pl\/wp-json\/wp\/v2\/malefni?post=2928"}],"curies":[{"name":"wp","href":"https:\/\/api.w.org\/{rel}","templated":true}]}}