{"id":2918,"date":"2024-11-11T15:09:22","date_gmt":"2024-11-11T15:09:22","guid":{"rendered":"https:\/\/x24.vg.is\/glosujmy-na-prawa-kobiet\/"},"modified":"2024-11-15T14:02:36","modified_gmt":"2024-11-15T14:02:36","slug":"glosujmy-na-prawa-kobiet","status":"publish","type":"page","link":"https:\/\/x24.vg.is\/pl\/glosujmy-na-prawa-kobiet\/","title":{"rendered":"G\u0142osujmy na prawa kobiet"},"content":{"rendered":"\n<p>Zako\u0144czmy nier\u00f3wno\u015b\u0107 p\u0142ci <\/p>\n\n<p>Zapewnijmy wolno\u015b\u0107 od przemocy<\/p>\n\n<p>Naprawmy systemow\u0105 deprecjacj\u0119 pracy kobiet<\/p>\n\n<ul class=\"wp-block-list\">\n<li>Konieczne jest wykorzenienie wszelkich przejaw\u00f3w nier\u00f3wno\u015bci p\u0142ci i rozbicie systemu opartego na r\u00f3\u017cnicach p\u0142ciowych.<\/li>\n\n\n\n<li>Musimy doceni\u0107 prac\u0119 kobiet, bior\u0105c pod uwag\u0119 odpowiedzialno\u015b\u0107 i znaczenie ich r\u00f3l dla spo\u0142ecze\u0144stwa. Niskie wynagrodzenie za prac\u0119 kobiet to jedna z g\u0142\u00f3wnych przyczyn nier\u00f3wno\u015bci p\u0142acowej mi\u0119dzy p\u0142ciami. <\/li>\n\n\n\n<li>Zadbajmy o bezpiecze\u0144stwo ekonomiczne kobiet, kt\u00f3re maj\u0105 ograniczone prawa emerytalne z powodu nier\u00f3wno\u015bci p\u0142acowej, niskiej wyceny pracy kobiet oraz nieodp\u0142atnych prac, kt\u00f3re wykonywa\u0142y przez ca\u0142e \u017cycie. <\/li>\n\n\n\n<li>Zapewnijmy r\u00f3wny podzia\u0142 urlopu macierzy\u0144skiego mi\u0119dzy rodzicami i d\u0105\u017cymy do wyr\u00f3wnania obci\u0105\u017cenia opiek\u0105 nad potomstwem mi\u0119dzy p\u0142ciami.<\/li>\n\n\n\n<li>Zwalczmy postawy i systemy prowadz\u0105ce do przemocy ze wzgl\u0119du na p\u0142e\u0107 oraz zadbajmy o to, aby wszystkie sprawy dotycz\u0105ce przemocy by\u0142y rozstrzygni\u0119te szybko i profesjonalnie w systemie s\u0105downiczym.<\/li>\n\n\n\n<li>Zapewnijmy, aby osoby poszkodowane w sprawach o przest\u0119pstwa seksualne mia\u0142y status strony, a pa\u0144stwo by\u0142o odpowiedzialne za odszkodowania, je\u015bli sprawa zostanie umorzona z powodu b\u0142\u0119d\u00f3w \u015bledczych lub op\u00f3\u017anie\u0144 w post\u0119powaniu. <\/li>\n\n\n\n<li>Rozwijajmy nowe metody reagowania na przest\u0119pstwa seksualne, aby sprawcy ponosili konsekwencje, a r\u00f3wnocze\u015bnie wspierajmy osoby poszkodowane. Nale\u017cy u\u0142atwi\u0107 ofiarom przemocy domowej uzyskanie zakazu zbli\u017cania si\u0119 i wprowadzi\u0107 grzywny za jego z\u0142amanie.  <\/li>\n\n\n\n<li>Zmie\u0144my kodeks karny, aby obejmowa\u0142 przest\u0119pstwa internetowe, takie jak deepfake, oraz wzmocnijmy przepisy i dzia\u0142ania przeciw przemocy seksualnej w sieci. <\/li>\n\n\n\n<li>Zapewnijmy ofiarom przemocy domowej szybk\u0105 i skoordynowan\u0105 opiek\u0119 w ca\u0142ym systemie zdrowotnym.<\/li>\n\n\n\n<li>Wzmocnijmy prewencj\u0119 przemocy w\u015br\u00f3d dzieci i m\u0142odzie\u017cy. Musimy przeciwdzia\u0142a\u0107 negatywnym skutkom pornografii, a tak\u017ce uczy\u0107 o emocjach, blisko\u015bci, granicach i zgodzie.  <\/li>\n\n\n\n<li>Konieczne jest pe\u0142ne uwzgl\u0119dnienie wyj\u0105tkowych sytuacji, w kt\u00f3rych znajduj\u0105 si\u0119 ofiary handlu lud\u017ami i niewolnictwa seksualnego. Procedury deportacyjne Urz\u0119du Imigracyjnego musz\u0105 uwzgl\u0119dnia\u0107 te realia.  <\/li>\n\n\n\n<li>Zapewnijmy mo\u017cliwo\u015b\u0107 wyj\u015bcia z prostytucji lub handlu lud\u017ami z przyczyn spo\u0142ecznych, gwarantuj\u0105c doch\u00f3d, mieszkanie i ochron\u0119 ofiar handlu lud\u017ami. Konieczne jest wdro\u017cenie planu dzia\u0142ania przeciwko handlowi lud\u017ami i zapewnienie odpowiednich \u015brodk\u00f3w finansowych i kadrowych.  <\/li>\n<\/ul>\n\n<p><strong>Musimy zwalcza\u0107 rosn\u0105c\u0105 mizogini\u0119 i uprzedzenia wobec kobiet w spo\u0142ecze\u0144stwie za pomoc\u0105 wszelkich dost\u0119pnych \u015brodk\u00f3w<\/strong><\/p>\n","protected":false},"excerpt":{"rendered":"<p>Zako\u0144czmy nier\u00f3wno\u015b\u0107 p\u0142ci Zapewnijmy wolno\u015b\u0107 od przemocy Naprawmy systemow\u0105 deprecjacj\u0119 pracy kobiet Musimy zwalcza\u0107 rosn\u0105c\u0105 mizogini\u0119 i uprzedzenia wobec kobiet w spo\u0142ecze\u0144stwie za pomoc\u0105 wszelkich dost\u0119pnych \u015brodk\u00f3w<\/p>\n","protected":false},"author":2,"featured_media":0,"parent":0,"menu_order":0,"comment_status":"closed","ping_status":"closed","template":"","meta":{"footnotes":""},"malefni":[],"class_list":["post-2918","page","type-page","status-publish","hentry"],"_links":{"self":[{"href":"https:\/\/x24.vg.is\/pl\/wp-json\/wp\/v2\/pages\/2918","targetHints":{"allow":["GET"]}}],"collection":[{"href":"https:\/\/x24.vg.is\/pl\/wp-json\/wp\/v2\/pages"}],"about":[{"href":"https:\/\/x24.vg.is\/pl\/wp-json\/wp\/v2\/types\/page"}],"author":[{"embeddable":true,"href":"https:\/\/x24.vg.is\/pl\/wp-json\/wp\/v2\/users\/2"}],"replies":[{"embeddable":true,"href":"https:\/\/x24.vg.is\/pl\/wp-json\/wp\/v2\/comments?post=2918"}],"version-history":[{"count":1,"href":"https:\/\/x24.vg.is\/pl\/wp-json\/wp\/v2\/pages\/2918\/revisions"}],"predecessor-version":[{"id":2920,"href":"https:\/\/x24.vg.is\/pl\/wp-json\/wp\/v2\/pages\/2918\/revisions\/2920"}],"wp:attachment":[{"href":"https:\/\/x24.vg.is\/pl\/wp-json\/wp\/v2\/media?parent=2918"}],"wp:term":[{"taxonomy":"malefni","embeddable":true,"href":"https:\/\/x24.vg.is\/pl\/wp-json\/wp\/v2\/malefni?post=2918"}],"curies":[{"name":"wp","href":"https:\/\/api.w.org\/{rel}","templated":true}]}}