{"id":2914,"date":"2024-11-11T15:07:12","date_gmt":"2024-11-11T15:07:12","guid":{"rendered":"https:\/\/x24.vg.is\/glosujmy-za-pokojem\/"},"modified":"2024-11-15T13:52:18","modified_gmt":"2024-11-15T13:52:18","slug":"glosujmy-za-pokojem","status":"publish","type":"page","link":"https:\/\/x24.vg.is\/pl\/glosujmy-za-pokojem\/","title":{"rendered":"G\u0142osujmy za pokojem"},"content":{"rendered":"\n<p>Sta\u0144my po stronie wolnej Palestyny<\/p>\n\n<p>Zatrzymajmy surow\u0105 i nieludzk\u0105 polityk\u0119 wobec os\u00f3b szukaj\u0105cych schronienia<\/p>\n\n<p>Sprawiedliwo\u015b\u0107 spo\u0142eczna buduje pokojowe i humanitarne spo\u0142ecze\u0144stwo<\/p>\n\n<ul class=\"wp-block-list\">\n<li>W\u0142adze Islandii maj\u0105 obowi\u0105zek aby wykorzysta\u0107 wszelkie mo\u017cliwe \u015brodki, by zatrzyma\u0107 ludob\u00f3jstwo, zbrodnie przeciwko ludzko\u015bci i zbrodnie wojenne. Wojny nie ko\u0144cz\u0105 si\u0119 bitwami, lecz porozumieniami pokojowymi.  <\/li>\n\n\n\n<li>Polityka zagraniczna Islandii powinna opiera\u0107 si\u0119 na d\u0105\u017ceniu do mi\u0119dzynarodowej sprawiedliwo\u015bci, rozbrojenia i pokojowego rozwi\u0105zywania spor\u00f3w. Pot\u0119pia\u0107 trzeba wszelkie wojny i przemoc w stosunkach mi\u0119dzynarodowych.<\/li>\n\n\n\n<li>Powinni\u015bmy serdecznie wita\u0107 uchod\u017ac\u00f3w i osoby ubiegaj\u0105ce si\u0119 o ochron\u0119 mi\u0119dzynarodow\u0105. Skuteczno\u015b\u0107 systemu nie mo\u017ce odbywa\u0107 si\u0119 kosztem zasad humanitarnych i sprawiedliwo\u015bci, a rozpatrywanie wniosk\u00f3w musi przebiega\u0107 szybko i profesjonalne.  <\/li>\n\n\n\n<li>We wszystkich sprawach dzieci na uchod\u017astwie powinno si\u0119 kierowa\u0107 Konwencj\u0105 o Prawach Dziecka. <\/li>\n\n\n\n<li>Wzywamy do natychmiastowego zawieszenia broni w Palestynie, rozpocz\u0119cia procesu pokojowego oraz wstrzymania dostaw broni do Izraela. <\/li>\n\n\n\n<li>Popieramy na\u0142o\u017cenie mi\u0119dzynarodowych sankcji gospodarczych na Izrael za dzia\u0142ania jego wojska w Palestynie.<\/li>\n\n\n\n<li>Rz\u0105d Islandii powinien poprze\u0107 pozew Po\u0142udniowej Afryki przeciwko Izraelowi przed Mi\u0119dzynarodowym Trybuna\u0142em Sprawiedliwo\u015bci za ludob\u00f3jstwo w Gazie oraz aktywnie dzia\u0142a\u0107 na rzecz poci\u0105gni\u0119cia w\u0142adz Izraela do odpowiedzialno\u015bci za zbrodnie wojenne, naruszenia praw cz\u0142owieka i bezprawne zajmowanie ziem. <\/li>\n\n\n\n<li>Wa\u017cne jest, aby przeciwdzia\u0142a\u0107 przemocy i noszeniu broni w spo\u0142ecze\u0144stwie, jednak powszechne uzbrojenie policji nie zwi\u0119ksza zaufania do przedstawicieli prawa ani bezpiecze\u0144stwa obywateli. <\/li>\n\n\n\n<li>Nale\u017cy zapewni\u0107 policji stabilno\u015b\u0107 zatrudnienia poprzez lepsze przydzia\u0142y finansowe, szkolenia oraz godne warunki pracy, a nie poprzez uzbrojenie. Wi\u0119kszo\u015b\u0107 przest\u0119pstw wynika z problem\u00f3w spo\u0142ecznych, ekonomicznych lub zdrowotnych, dlatego wysi\u0142ki powinny by\u0107 skierowane na rozwi\u0105zywanie w\u0142a\u015bnie tych trudno\u015bci. <\/li>\n<\/ul>\n\n<p><strong>D\u0105\u017cmy do pokojowych rozwi\u0105za\u0144, obrony praw cz\u0142owieka i demokracji.<\/strong><\/p>\n","protected":false},"excerpt":{"rendered":"<p>Sta\u0144my po stronie wolnej Palestyny Zatrzymajmy surow\u0105 i nieludzk\u0105 polityk\u0119 wobec os\u00f3b szukaj\u0105cych schronienia Sprawiedliwo\u015b\u0107 spo\u0142eczna buduje pokojowe i humanitarne spo\u0142ecze\u0144stwo D\u0105\u017cmy do pokojowych rozwi\u0105za\u0144, obrony praw cz\u0142owieka i demokracji.<\/p>\n","protected":false},"author":2,"featured_media":0,"parent":0,"menu_order":0,"comment_status":"closed","ping_status":"closed","template":"","meta":{"footnotes":""},"malefni":[],"class_list":["post-2914","page","type-page","status-publish","hentry"],"_links":{"self":[{"href":"https:\/\/x24.vg.is\/pl\/wp-json\/wp\/v2\/pages\/2914","targetHints":{"allow":["GET"]}}],"collection":[{"href":"https:\/\/x24.vg.is\/pl\/wp-json\/wp\/v2\/pages"}],"about":[{"href":"https:\/\/x24.vg.is\/pl\/wp-json\/wp\/v2\/types\/page"}],"author":[{"embeddable":true,"href":"https:\/\/x24.vg.is\/pl\/wp-json\/wp\/v2\/users\/2"}],"replies":[{"embeddable":true,"href":"https:\/\/x24.vg.is\/pl\/wp-json\/wp\/v2\/comments?post=2914"}],"version-history":[{"count":1,"href":"https:\/\/x24.vg.is\/pl\/wp-json\/wp\/v2\/pages\/2914\/revisions"}],"predecessor-version":[{"id":2915,"href":"https:\/\/x24.vg.is\/pl\/wp-json\/wp\/v2\/pages\/2914\/revisions\/2915"}],"wp:attachment":[{"href":"https:\/\/x24.vg.is\/pl\/wp-json\/wp\/v2\/media?parent=2914"}],"wp:term":[{"taxonomy":"malefni","embeddable":true,"href":"https:\/\/x24.vg.is\/pl\/wp-json\/wp\/v2\/malefni?post=2914"}],"curies":[{"name":"wp","href":"https:\/\/api.w.org\/{rel}","templated":true}]}}