{"id":2912,"date":"2024-11-11T13:49:34","date_gmt":"2024-11-11T13:49:34","guid":{"rendered":"https:\/\/x24.vg.is\/priorytety-wyborcze-vg\/"},"modified":"2024-11-20T09:06:29","modified_gmt":"2024-11-20T09:06:29","slug":"priorytety-wyborcze-vg","status":"publish","type":"page","link":"https:\/\/x24.vg.is\/pl\/priorytety-wyborcze-vg\/","title":{"rendered":"Priorytety wyborcze VG"},"content":{"rendered":"\t\t<div data-elementor-type=\"wp-page\" data-elementor-id=\"2912\" class=\"elementor elementor-2912 elementor-2759\" data-elementor-post-type=\"page\">\n\t\t\t\t<div class=\"elementor-element elementor-element-07374c0 e-grid e-con-boxed e-con e-parent\" data-id=\"07374c0\" data-element_type=\"container\">\n\t\t\t\t\t<div class=\"e-con-inner\">\n\t\t\t\t<div class=\"elementor-element elementor-element-77e2474 elementor-align-justify elementor-widget elementor-widget-button\" data-id=\"77e2474\" data-element_type=\"widget\" data-widget_type=\"button.default\">\n\t\t\t\t<div class=\"elementor-widget-container\">\n\t\t\t\t\t\t\t<div class=\"elementor-button-wrapper\">\n\t\t\t\t\t<a class=\"elementor-button elementor-button-link elementor-size-sm\" href=\"https:\/\/x24.vg.is\/kjosum-samheldid-samfelag-og-ofluga-almannathjonustu\/\">\n\t\t\t\t\t\t<span class=\"elementor-button-content-wrapper\">\n\t\t\t\t\t\t\t\t\t<span class=\"elementor-button-text\">G\u0142osujmy na sp\u00f3jne spo\u0142ecze\u0144stwo<\/span>\n\t\t\t\t\t<\/span>\n\t\t\t\t\t<\/a>\n\t\t\t\t<\/div>\n\t\t\t\t\t\t<\/div>\n\t\t\t\t<\/div>\n\t\t\t\t<div class=\"elementor-element elementor-element-8b33312 elementor-align-justify elementor-widget elementor-widget-button\" data-id=\"8b33312\" data-element_type=\"widget\" data-widget_type=\"button.default\">\n\t\t\t\t<div class=\"elementor-widget-container\">\n\t\t\t\t\t\t\t<div class=\"elementor-button-wrapper\">\n\t\t\t\t\t<a class=\"elementor-button elementor-button-link elementor-size-sm\" href=\"https:\/\/x24.vg.is\/kjosum-kvenfrelsi\/\">\n\t\t\t\t\t\t<span class=\"elementor-button-content-wrapper\">\n\t\t\t\t\t\t\t\t\t<span class=\"elementor-button-text\">G\u0142osujmy na prawa kobiet<\/span>\n\t\t\t\t\t<\/span>\n\t\t\t\t\t<\/a>\n\t\t\t\t<\/div>\n\t\t\t\t\t\t<\/div>\n\t\t\t\t<\/div>\n\t\t\t\t<div class=\"elementor-element elementor-element-8129a32 elementor-align-justify elementor-widget elementor-widget-button\" data-id=\"8129a32\" data-element_type=\"widget\" data-widget_type=\"button.default\">\n\t\t\t\t<div class=\"elementor-widget-container\">\n\t\t\t\t\t\t\t<div class=\"elementor-button-wrapper\">\n\t\t\t\t\t<a class=\"elementor-button elementor-button-link elementor-size-sm\" href=\"https:\/\/x24.vg.is\/kjosum-natturuna\/\">\n\t\t\t\t\t\t<span class=\"elementor-button-content-wrapper\">\n\t\t\t\t\t\t\t\t\t<span class=\"elementor-button-text\">G\u0142osujmy za natur\u0105<\/span>\n\t\t\t\t\t<\/span>\n\t\t\t\t\t<\/a>\n\t\t\t\t<\/div>\n\t\t\t\t\t\t<\/div>\n\t\t\t\t<\/div>\n\t\t\t\t<div class=\"elementor-element elementor-element-eee63f9 elementor-align-justify elementor-widget elementor-widget-button\" data-id=\"eee63f9\" data-element_type=\"widget\" data-widget_type=\"button.default\">\n\t\t\t\t<div class=\"elementor-widget-container\">\n\t\t\t\t\t\t\t<div class=\"elementor-button-wrapper\">\n\t\t\t\t\t<a class=\"elementor-button elementor-button-link elementor-size-sm\" href=\"https:\/\/x24.vg.is\/pl\/glosujmy-za-pokojem\/\">\n\t\t\t\t\t\t<span class=\"elementor-button-content-wrapper\">\n\t\t\t\t\t\t\t\t\t<span class=\"elementor-button-text\">G\u0142osujmy za pokojem<\/span>\n\t\t\t\t\t<\/span>\n\t\t\t\t\t<\/a>\n\t\t\t\t<\/div>\n\t\t\t\t\t\t<\/div>\n\t\t\t\t<\/div>\n\t\t\t\t\t<\/div>\n\t\t\t\t<\/div>\n\t\t<div class=\"elementor-element elementor-element-b63a4f8 e-flex e-con-boxed e-con e-parent\" data-id=\"b63a4f8\" data-element_type=\"container\">\n\t\t\t\t\t<div class=\"e-con-inner\">\n\t\t<div class=\"elementor-element elementor-element-c3f19a9 e-con-full e-flex e-con e-child\" data-id=\"c3f19a9\" data-element_type=\"container\">\n\t\t\t\t<div class=\"elementor-element elementor-element-dc2d546 elementor-widget elementor-widget-image\" data-id=\"dc2d546\" data-element_type=\"widget\" data-widget_type=\"image.default\">\n\t\t\t\t<div class=\"elementor-widget-container\">\n\t\t\t\t\t\t\t\t\t\t\t\t\t<img decoding=\"async\" width=\"150\" height=\"150\" src=\"https:\/\/x24.vg.is\/wp-content\/uploads\/2024\/11\/vogin-150x150.png\" class=\"attachment-thumbnail size-thumbnail wp-image-2619\" alt=\"\" srcset=\"https:\/\/x24.vg.is\/wp-content\/uploads\/2024\/11\/vogin-150x150.png 150w, https:\/\/x24.vg.is\/wp-content\/uploads\/2024\/11\/vogin-300x300.png 300w, https:\/\/x24.vg.is\/wp-content\/uploads\/2024\/11\/vogin.png 428w\" sizes=\"(max-width: 150px) 100vw, 150px\" \/>\t\t\t\t\t\t\t\t\t\t\t\t\t<\/div>\n\t\t\t\t<\/div>\n\t\t\t\t<\/div>\n\t\t<div class=\"elementor-element elementor-element-767c1d9 e-con-full e-flex e-con e-child\" data-id=\"767c1d9\" data-element_type=\"container\">\n\t\t\t\t<div class=\"elementor-element elementor-element-fe423c1 elementor-widget elementor-widget-image\" data-id=\"fe423c1\" data-element_type=\"widget\" data-widget_type=\"image.default\">\n\t\t\t\t<div class=\"elementor-widget-container\">\n\t\t\t\t\t\t\t\t\t\t\t\t\t<img decoding=\"async\" width=\"150\" height=\"150\" src=\"https:\/\/x24.vg.is\/wp-content\/uploads\/2024\/11\/fossinn-150x150.png\" class=\"attachment-thumbnail size-thumbnail wp-image-2622\" alt=\"\" srcset=\"https:\/\/x24.vg.is\/wp-content\/uploads\/2024\/11\/fossinn-150x150.png 150w, https:\/\/x24.vg.is\/wp-content\/uploads\/2024\/11\/fossinn-300x300.png 300w, https:\/\/x24.vg.is\/wp-content\/uploads\/2024\/11\/fossinn.png 428w\" sizes=\"(max-width: 150px) 100vw, 150px\" \/>\t\t\t\t\t\t\t\t\t\t\t\t\t<\/div>\n\t\t\t\t<\/div>\n\t\t\t\t<\/div>\n\t\t<div class=\"elementor-element elementor-element-779c70e e-con-full e-flex e-con e-child\" data-id=\"779c70e\" data-element_type=\"container\">\n\t\t\t\t<div class=\"elementor-element elementor-element-1c04995 elementor-widget elementor-widget-image\" data-id=\"1c04995\" data-element_type=\"widget\" data-widget_type=\"image.default\">\n\t\t\t\t<div class=\"elementor-widget-container\">\n\t\t\t\t\t\t\t\t\t\t\t\t\t<img decoding=\"async\" width=\"150\" height=\"150\" src=\"https:\/\/x24.vg.is\/wp-content\/uploads\/2024\/11\/trans-150x150.png\" class=\"attachment-thumbnail size-thumbnail wp-image-2613\" alt=\"\" srcset=\"https:\/\/x24.vg.is\/wp-content\/uploads\/2024\/11\/trans-150x150.png 150w, https:\/\/x24.vg.is\/wp-content\/uploads\/2024\/11\/trans-300x300.png 300w, https:\/\/x24.vg.is\/wp-content\/uploads\/2024\/11\/trans.png 428w\" sizes=\"(max-width: 150px) 100vw, 150px\" \/>\t\t\t\t\t\t\t\t\t\t\t\t\t<\/div>\n\t\t\t\t<\/div>\n\t\t\t\t<\/div>\n\t\t<div class=\"elementor-element elementor-element-8f695d9 e-con-full e-flex e-con e-child\" data-id=\"8f695d9\" data-element_type=\"container\">\n\t\t\t\t<div class=\"elementor-element elementor-element-1517e10 elementor-widget elementor-widget-image\" data-id=\"1517e10\" data-element_type=\"widget\" data-widget_type=\"image.default\">\n\t\t\t\t<div class=\"elementor-widget-container\">\n\t\t\t\t\t\t\t\t\t\t\t\t\t<img loading=\"lazy\" decoding=\"async\" width=\"150\" height=\"150\" src=\"https:\/\/x24.vg.is\/wp-content\/uploads\/2024\/11\/fridur-150x150.png\" class=\"attachment-thumbnail size-thumbnail wp-image-2616\" alt=\"\" srcset=\"https:\/\/x24.vg.is\/wp-content\/uploads\/2024\/11\/fridur-150x150.png 150w, https:\/\/x24.vg.is\/wp-content\/uploads\/2024\/11\/fridur-300x300.png 300w, https:\/\/x24.vg.is\/wp-content\/uploads\/2024\/11\/fridur.png 428w\" sizes=\"(max-width: 150px) 100vw, 150px\" \/>\t\t\t\t\t\t\t\t\t\t\t\t\t<\/div>\n\t\t\t\t<\/div>\n\t\t\t\t<\/div>\n\t\t\t\t\t<\/div>\n\t\t\t\t<\/div>\n\t\t<div class=\"elementor-element elementor-element-af227b5 e-flex e-con-boxed e-con e-parent\" data-id=\"af227b5\" data-element_type=\"container\">\n\t\t\t\t\t<div class=\"e-con-inner\">\n\t\t\t\t<div class=\"elementor-element elementor-element-27fd62a elementor-widget elementor-widget-heading\" data-id=\"27fd62a\" data-element_type=\"widget\" data-widget_type=\"heading.default\">\n\t\t\t\t<div class=\"elementor-widget-container\">\n\t\t\t<h2 class=\"elementor-heading-title elementor-size-default\">Wersja skrocona:<\/h2>\t\t<\/div>\n\t\t\t\t<\/div>\n\t\t\t\t<div class=\"elementor-element elementor-element-4c25281 elementor-widget elementor-widget-text-editor\" data-id=\"4c25281\" data-element_type=\"widget\" data-widget_type=\"text-editor.default\">\n\t\t\t\t<div class=\"elementor-widget-container\">\n\t\t\t\t\t\t\t<h5><b><br \/>Bezpieczne mieszkania dla ludzi &#8211; nie inwestor\u00f3w<\/b><\/h5>\n<ul>\n<li style=\"font-weight: 400;\" aria-level=\"1\"><span style=\"font-weight: 400;\">Mieszkania dla ludzi, a nie inwestor\u00f3w<\/span><\/li>\n<li style=\"font-weight: 400;\" aria-level=\"1\"><span style=\"font-weight: 400;\">Wysokiej jako\u015bci mieszkania dla ludzi niezale\u017cnie od ich finans\u00f3w  <\/span><\/li>\n<li style=\"font-weight: 400;\" aria-level=\"1\"><span style=\"font-weight: 400;\">Zapobiegnijmy krachowi na rynku mieszkaniowym, wprowadzaj\u0105c zaostrzone warunki  <\/span><\/li>\n<li style=\"font-weight: 400;\" aria-level=\"1\"><span style=\"font-weight: 400;\">Dalsze ograniczenia dotycz\u0105ce najmu kr\u00f3tkoterminowego, w tym AirBnB<\/span><\/li>\n<li style=\"font-weight: 400;\" aria-level=\"1\"><span style=\"font-weight: 400;\">Wynajem hamulca natychmiast<\/span><\/li>\n<li style=\"font-weight: 400;\" aria-level=\"1\"><span style=\"font-weight: 400;\">Budujmy wi\u0119cej mieszka\u0144 na wynajem we wsp\u00f3\u0142pracy z sektorem publicznym  <\/span><\/li>\n<li style=\"font-weight: 400;\" aria-level=\"1\"><span style=\"font-weight: 400;\">Specjalna rekompensata odsetkowa na pokrycie zwi\u0119kszonego obci\u0105\u017cenia odsetkowego gospodarstw domowych<\/span><\/li>\n<li style=\"font-weight: 400;\" aria-level=\"1\"><span style=\"font-weight: 400;\">Oszcz\u0119dno\u015bci w ramach kapita\u0142u prywatnego s\u0105 w dalszym ci\u0105gu wykorzystywane przy zakupach dom\u00f3w przez osoby kupuj\u0105ce je po raz pierwszy<\/span><\/li>\n<\/ul>\n<h5><b>System opieki zdrowotnej jest kamieniem w\u0119gielnym spo\u0142ecze\u0144stwa opieku\u0144czego<\/b><\/h5>\n<ul>\n<li style=\"font-weight: 400;\" aria-level=\"1\"><span style=\"font-weight: 400;\">Chro\u0144my wszelkimi \u015brodkami system zdrowia publicznego<\/span><\/li>\n<li style=\"font-weight: 400;\" aria-level=\"1\"><span style=\"font-weight: 400;\">Odrzu\u0107my dalsz\u0105 prywatyzacj\u0119<\/span><\/li>\n<li style=\"font-weight: 400;\" aria-level=\"1\"><span style=\"font-weight: 400;\">Sta\u0144 z silnym Landsp\u00edtala<\/span><\/li>\n<li style=\"font-weight: 400;\" aria-level=\"1\"><span style=\"font-weight: 400;\">Walczmy ze sprzeda\u017c\u0105 detaliczn\u0105 alkoholu i odrzu\u0107my prywatyzacj\u0119 \u00c1TVR<\/span><\/li>\n<li style=\"font-weight: 400;\" aria-level=\"1\"><span style=\"font-weight: 400;\">Wzmocnienie zapobiegania przemocy w\u015br\u00f3d dzieci i m\u0142odzie\u017cy.<\/span><\/li>\n<li style=\"font-weight: 400;\" aria-level=\"1\"><span style=\"font-weight: 400;\">Dost\u0119p do lek\u00f3w w okolicy<\/span><\/li>\n<li style=\"font-weight: 400;\" aria-level=\"1\"><span style=\"font-weight: 400;\">Wzmocniono s\u0142u\u017cb\u0119 zdrowia w ca\u0142ym kraju<\/span><\/li>\n<li style=\"font-weight: 400;\" aria-level=\"1\"><span style=\"font-weight: 400;\">Zach\u0119ty finansowe dla lekarzy za granic\u0105<\/span><\/li>\n<li style=\"font-weight: 400;\" aria-level=\"1\"><span style=\"font-weight: 400;\">U\u0142atw lekarzom i pracownikom s\u0142u\u017cby zdrowia przeprowadzk\u0119 do domu, anuluj\u0105c po\u017cyczki studenckie<\/span><\/li>\n<li style=\"font-weight: 400;\" aria-level=\"1\"><span style=\"font-weight: 400;\">Zwi\u0119kszy\u0107 dost\u0119p do us\u0142ug w zakresie zdrowia psychicznego<\/span><\/li>\n<\/ul>\n<h5><b>Edukacja jest najwa\u017cniejszym czynnikiem wyr\u00f3wnuj\u0105cym  <\/b><\/h5>\n<ul>\n<li style=\"font-weight: 400;\" aria-level=\"1\"><span style=\"font-weight: 400;\">Brak podzia\u0142u na klasy w systemie szkolnym  <\/span><\/li>\n<li style=\"font-weight: 400;\" aria-level=\"1\"><span style=\"font-weight: 400;\">Zadbajmy prawnie i sk\u0142adkami finansowymi o to, aby wszystkie dzieci po urlopie macierzy\u0144skim dosta\u0142y si\u0119 do przedszkola  <\/span><\/li>\n<li style=\"font-weight: 400;\" aria-level=\"1\"><span style=\"font-weight: 400;\">R\u00f3wno\u015b\u0107 w edukacji \u2013 bezp\u0142atne szko\u0142y na wszystkich poziomach<\/span><\/li>\n<li style=\"font-weight: 400;\" aria-level=\"1\"><span style=\"font-weight: 400;\">Doceniajmy nauczycieli i zwi\u0119kszajmy wsparcie we wszystkich obszarach<\/span><\/li>\n<li style=\"font-weight: 400;\" aria-level=\"1\"><span style=\"font-weight: 400;\">Wzmocnijmy badania podstawowe i zwi\u0119kszmy datki dla uniwersytet\u00f3w  <\/span><\/li>\n<li style=\"font-weight: 400;\" aria-level=\"1\"><span style=\"font-weight: 400;\">Obni\u017cmy oprocentowanie kredyt\u00f3w studenckich i wykorzystajmy system po\u017cyczek studenckich, aby przyci\u0105gn\u0105\u0107 student\u00f3w do Islandii<\/span><\/li>\n<li aria-level=\"1\"><span style=\"font-weight: 400;\">Kultura i sztuka powinny by\u0107 dost\u0119pne dla wszystkich grup spo\u0142ecznych, a istniej\u0105ce bariery musz\u0105 zosta\u0107 usuni\u0119te, aby ludzie mogli cieszy\u0107 si\u0119 r\u00f3\u017cnorodn\u0105 kultur\u0105.<\/span><\/li>\n<\/ul>\n<h5><b><br \/><\/b><b>Zostawmy czas rodzinom<\/b><\/h5>\n<ul>\n<li style=\"font-weight: 400;\" aria-level=\"1\"><span style=\"font-weight: 400;\">Dzieci powinny \u017cy\u0107 wolne od biedy, przemocy, rasizmu, podzia\u0142u klasowego i mizoginii<\/span><\/li>\n<li style=\"font-weight: 400;\" aria-level=\"1\"><span style=\"font-weight: 400;\">Natychmiast wype\u0142nij luk\u0119 mi\u0119dzy urlopem macierzy\u0144skim a przedszkolem<\/span><\/li>\n<li style=\"font-weight: 400;\" aria-level=\"1\"><span style=\"font-weight: 400;\">Zwi\u0119kszmy zasi\u0142ek na dziecko i zasi\u0142ek macierzy\u0144ski<\/span><\/li>\n<li style=\"font-weight: 400;\" aria-level=\"1\"><span style=\"font-weight: 400;\">Zlikwidujmy obni\u017cki najni\u017cszych \u015bwiadcze\u0144 w czasie urlopu macierzy\u0144skiego  <\/span><\/li>\n<li style=\"font-weight: 400;\" aria-level=\"1\"><span style=\"font-weight: 400;\">Eliminujemy listy oczekuj\u0105cych w us\u0142ugach dla wszystkich dzieci<\/span><\/li>\n<li style=\"font-weight: 400;\" aria-level=\"1\"><span style=\"font-weight: 400;\">Rewolucyjne mo\u017cliwo\u015bci leczenia dzieci z wieloma problemami<\/span><\/li>\n<\/ul>\n<h5><b>Po\u017cyczamy natur\u0119<\/b><\/h5>\n<ul>\n<li style=\"font-weight: 400;\" aria-level=\"1\"><span style=\"font-weight: 400;\">Zakaza\u0107 wielorybnictwa<\/span><\/li>\n<\/ul>\n<ul>\n<li style=\"font-weight: 400;\" aria-level=\"1\"><span style=\"font-weight: 400;\">Zaka\u017cmy transfuzji krwi<\/span><\/li>\n<li style=\"font-weight: 400;\" aria-level=\"1\"><span style=\"font-weight: 400;\">Fri\u00f0um Eyjafj\u00f6r\u00f0ur, \u00d6xarfj\u00f6r\u00f0ur i Sey\u00f0isfj\u00f6r\u00f0ur do hodowli manat\u00f3w<\/span><\/li>\n<li style=\"font-weight: 400;\" aria-level=\"1\">Zwi\u0119kszy\u0107 liczb\u0119 obszar\u00f3w chronionych i stopniowo eliminowa\u0107 po\u017cary w zagrodach na otwartym morzu<\/li>\n<li style=\"font-weight: 400;\" aria-level=\"1\"><span style=\"font-weight: 400;\">Do 2030 r. jedna trzecia Islandii b\u0119dzie obj\u0119ta ochron\u0105<\/span><\/li>\n<li style=\"font-weight: 400;\" aria-level=\"1\"><span style=\"font-weight: 400;\">Spok\u00f3j na centralnych wy\u017cynach i wy\u017cynach Vestfj\u00f6r\u00f0ur<\/span><\/li>\n<li style=\"font-weight: 400;\" aria-level=\"1\"><span style=\"font-weight: 400;\">Chro\u0144my ekosystemy poprzez zr\u00f3wnowa\u017cone wykorzystanie zasob\u00f3w<\/span><\/li>\n<li style=\"font-weight: 400;\" aria-level=\"1\"><span style=\"font-weight: 400;\">Odrzu\u0107 prywatyzacj\u0119 zasob\u00f3w i infrastruktury<\/span><\/li>\n<li style=\"font-weight: 400;\" aria-level=\"1\"><span style=\"font-weight: 400;\">Przepisy zasobowe w konstytucji<\/span><\/li>\n<li style=\"font-weight: 400;\" aria-level=\"1\"><span style=\"font-weight: 400;\">Zadbajmy o status prawny organizacji zajmuj\u0105cych si\u0119 ochron\u0105 przyrody i zwierz\u0105t<\/span><\/li>\n<li style=\"font-weight: 400;\" aria-level=\"1\"><span style=\"font-weight: 400;\">Zatrzymajmy wydobycie monet elektronicznych na Islandii i wykorzystajmy energi\u0119 na co\u015b innego<\/span><\/li>\n<li style=\"font-weight: 400;\" aria-level=\"1\"><span style=\"font-weight: 400;\">Turbiny wiatrowe b\u0119d\u0105 budowane wy\u0142\u0105cznie na obszarach ju\u017c naruszonych i b\u0119d\u0105 w\u0142asno\u015bci\u0105 publiczn\u0105<\/span><\/li>\n<\/ul>\n<h5><b>Rolnicy s\u0105 opiekunami ziemi<\/b><\/h5>\n<ul>\n<li style=\"font-weight: 400;\" aria-level=\"1\"><span style=\"font-weight: 400;\">Nowy system wsparcia musi dzia\u0142a\u0107 na rzecz rolnik\u00f3w  <\/span><\/li>\n<li style=\"font-weight: 400;\" aria-level=\"1\"><span style=\"font-weight: 400;\">Nale\u017cy zwi\u0119kszy\u0107 wsparcie dla krajowego rolnictwa<\/span><\/li>\n<li style=\"font-weight: 400;\" aria-level=\"1\"><span style=\"font-weight: 400;\">Producentom warzyw udzielamy rabat\u00f3w na energi\u0119 elektryczn\u0105<\/span><\/li>\n<li style=\"font-weight: 400;\" aria-level=\"1\"><span style=\"font-weight: 400;\">Wzmacniajmy mo\u017cliwo\u015bci rolnik\u00f3w w zakresie opierania swojego przetrwania na ochronie przyrody i przywracaniu jako\u015bci grunt\u00f3w<\/span><\/li>\n<li style=\"font-weight: 400;\" aria-level=\"1\"><span style=\"font-weight: 400;\">Kontynuujmy wielki wysi\u0142ek w islandzkiej uprawie zb\u00f3\u017c<\/span><\/li>\n<li style=\"font-weight: 400;\" aria-level=\"1\"><span style=\"font-weight: 400;\">promowa\u0107 ca\u0142\u0105 krajow\u0105 produkcj\u0119 \u017cywno\u015bci<\/span><\/li>\n<\/ul>\n<h5><b><br \/><\/b><b>Miasto jest niczym bez osiedli<\/b><\/h5>\n<ul>\n<li style=\"font-weight: 400;\" aria-level=\"1\"><span style=\"font-weight: 400;\">Usprawnijmy transport na terenie ca\u0142ego kraju i zwi\u0119kszmy datki na budow\u0119 dr\u00f3g<\/span><\/li>\n<li style=\"font-weight: 400;\" aria-level=\"1\"><span style=\"font-weight: 400;\">Program tunelu finansowania<\/span><\/li>\n<li style=\"font-weight: 400;\" aria-level=\"1\"><span style=\"font-weight: 400;\">Likwidowane s\u0105 autobusy szkolne po nawierzchni sta\u0142ej oraz jednopasmowe mosty na obwodnicach<\/span><\/li>\n<li style=\"font-weight: 400;\" aria-level=\"1\"><span style=\"font-weight: 400;\">Zapewnijmy bezpiecze\u0144stwo energetyczne i wzmocnijmy system dystrybucyjny kraju w zgodzie ze spo\u0142ecze\u0144stwem i przyrod\u0105<\/span><\/li>\n<li style=\"font-weight: 400;\" aria-level=\"1\"><span style=\"font-weight: 400;\">Chro\u0144my gospodarstwa domowe przed nadmiernymi podwy\u017ckami cen pr\u0105du<\/span><\/li>\n<li style=\"font-weight: 400;\" aria-level=\"1\"><span style=\"font-weight: 400;\">Przyjmijmy ustaw\u0119 o transporcie publicznym<\/span><\/li>\n<li style=\"font-weight: 400;\" aria-level=\"1\"><span style=\"font-weight: 400;\">Przyspieszmy Lini\u0119 Miejsk\u0105  <\/span><\/li>\n<\/ul>\n<h5><b><br \/><\/b><b>Radykalne, ale realistyczne dzia\u0142ania klimatyczne<\/b><\/h5>\n<ul>\n<li style=\"font-weight: 400;\" aria-level=\"1\"><span style=\"font-weight: 400;\">Ci, kt\u00f3rzy zanieczyszczaj\u0105, p\u0142ac\u0105 \u2013 zasada kompensacji zanieczyszcze\u0144 musi obowi\u0105zywa\u0107 wszystkich<\/span><\/li>\n<li style=\"font-weight: 400;\" aria-level=\"1\"><span style=\"font-weight: 400;\">Zapisanie w prawie celu Islandii, jakim jest redukcja emisji gaz\u00f3w cieplarnianych o 55% do 2030 r<\/span><\/li>\n<li style=\"font-weight: 400;\" aria-level=\"1\"><span style=\"font-weight: 400;\">Greenwashing karany przez prawo  <\/span><\/li>\n<li style=\"font-weight: 400;\" aria-level=\"1\"><span style=\"font-weight: 400;\">Ustalmy ca\u0142o\u015bciow\u0105 polityk\u0119 klimatyczn\u0105<\/span><\/li>\n<li style=\"font-weight: 400;\" aria-level=\"1\"><span style=\"font-weight: 400;\">Radykalnie zwi\u0119kszmy finansowanie dzia\u0142a\u0144 klimatycznych i przyspieszmy je<\/span><\/li>\n<li style=\"font-weight: 400;\" aria-level=\"1\"><span style=\"font-weight: 400;\">Nale\u017cy zaprzesta\u0107 stosowania paliw kopalnych do 2040 r. poprzez wymian\u0119 energii<\/span><\/li>\n<\/ul>\n<h5><b>Wolno\u015b\u0107 kobiet w zasi\u0119gu wzroku<\/b><span style=\"font-weight: 400;\"><br \/><\/span><\/h5>\n<ul>\n<li style=\"font-weight: 400;\" aria-level=\"1\"><span style=\"font-weight: 400;\">Przemoc wobec kobiet stanowi zagro\u017cenie dla zdrowia publicznego i nale\u017cy j\u0105 wykorzeni\u0107 wszelkimi dost\u0119pnymi \u015brodkami<\/span><\/li>\n<li style=\"font-weight: 400;\" aria-level=\"1\"><span style=\"font-weight: 400;\">Wyeliminujmy nier\u00f3wno\u015b\u0107 p\u0142ci i mizogini\u0119<\/span><\/li>\n<li style=\"font-weight: 400;\" aria-level=\"1\"><span style=\"font-weight: 400;\">Walczymy przeciwko ograniczaniu praw kobiet i os\u00f3b transp\u0142ciowych<\/span><\/li>\n<li style=\"font-weight: 400;\" aria-level=\"1\"><span style=\"font-weight: 400;\">Zwi\u0119kszy\u0107 warto\u015b\u0107 miejsc pracy kobiet i wyeliminowa\u0107 r\u00f3\u017cnice w wynagrodzeniach kobiet i m\u0119\u017cczyzn<\/span><\/li>\n<li style=\"font-weight: 400;\" aria-level=\"1\"><span style=\"font-weight: 400;\">Zadbajmy o r\u00f3wny podzia\u0142 urlopu macierzy\u0144skiego<\/span><\/li>\n<\/ul>\n<ul>\n<li style=\"font-weight: 400;\" aria-level=\"1\"><span style=\"font-weight: 400;\">Ofiary przest\u0119pstw na tle seksualnym powinny otrzyma\u0107 status prawny jako strony w sprawie<\/span><\/li>\n<li style=\"font-weight: 400;\" aria-level=\"1\"><span style=\"font-weight: 400;\">Pa\u0144stwo ma obowi\u0105zek wyp\u0142aci\u0107 ofiarom odszkodowania w przypadku pope\u0142nienia b\u0142\u0119d\u00f3w w dochodzeniu lub jego nieuzasadnionego op\u00f3\u017anienia.  <\/span><\/li>\n<li style=\"font-weight: 400;\" aria-level=\"1\"><span style=\"font-weight: 400;\">U\u0142atwiamy ofiarom przemocy domowej uzyskanie zakaz\u00f3w zbli\u017cania si\u0119 i nak\u0142adanie kar finansowych za ich naruszenie<\/span><\/li>\n<li style=\"font-weight: 400;\" aria-level=\"1\"><span style=\"font-weight: 400;\">Cyfrowe przest\u0119pstwa na tle seksualnym podlegaj\u0105ce karze<\/span><\/li>\n<li style=\"font-weight: 400;\" aria-level=\"1\"><span style=\"font-weight: 400;\">Zapewnijmy humanitarne wyj\u015bcie z prostytucji i handlu lud\u017ami<\/span><\/li>\n<\/ul>\n<h5><b><br \/><\/b><b>R\u00f3\u017cnorodno\u015b\u0107 poprawia jako\u015b\u0107 wszystkich spo\u0142ecze\u0144stw<\/b><\/h5>\n<ul>\n<li style=\"font-weight: 400;\" aria-level=\"1\"><span style=\"font-weight: 400;\">Przyjmijmy imigrant\u00f3w i zapewnijmy im mo\u017cliwo\u015b\u0107 rozwoju jako pe\u0142noprawni uczestnicy spo\u0142ecze\u0144stwa<\/span><\/li>\n<li style=\"font-weight: 400;\" aria-level=\"1\"><span style=\"font-weight: 400;\">Brak oboz\u00f3w dla przesiedle\u0144c\u00f3w<\/span><\/li>\n<li style=\"font-weight: 400;\" aria-level=\"1\"><span style=\"font-weight: 400;\">Jedyn\u0105 drog\u0105 post\u0119pu w sprawach imigracyjnych jest informacja i dialog<\/span><\/li>\n<\/ul>\n<ul>\n<li style=\"font-weight: 400;\" aria-level=\"1\"><span style=\"font-weight: 400;\">Szczeg\u00f3ln\u0105 uwag\u0119 i trosk\u0119 po\u015bwi\u0119camy grupom marginalizowanym<\/span><\/li>\n<li style=\"font-weight: 400;\" aria-level=\"1\"><span style=\"font-weight: 400;\">Zagwarantujmy darmowe lekcje islandzkiego dla imigrant\u00f3w<\/span><\/li>\n<\/ul>\n<h5><b>Wojny ko\u0144cz\u0105 si\u0119 pokojem, a nie wojnami<\/b><\/h5>\n<ul>\n<li style=\"font-weight: 400;\" aria-level=\"1\"><span style=\"font-weight: 400;\">Pot\u0119piajcie wszelk\u0105 wojn\u0119 i przemoc<\/span><\/li>\n<li style=\"font-weight: 400;\" aria-level=\"1\"><span style=\"font-weight: 400;\">Zako\u0144czy\u0107 nieludzk\u0105 polityk\u0119 wobec wysiedle\u0144c\u00f3w<\/span><\/li>\n<li style=\"font-weight: 400;\" aria-level=\"1\"><span style=\"font-weight: 400;\">Przyspieszmy rozpatrywanie wniosk\u00f3w i zwi\u0119kszmy profesjonalizm<\/span><\/li>\n<li style=\"font-weight: 400;\" aria-level=\"1\"><span style=\"font-weight: 400;\">Procedury i metody pracy Norweskich S\u0142u\u017cb Imigracyjnych musz\u0105 zosta\u0107 zrewidowane od podstaw<\/span><\/li>\n<li style=\"font-weight: 400;\" aria-level=\"1\"><span style=\"font-weight: 400;\">Dzia\u0142ajmy przeciwko wszelkiej broni w islandzkim spo\u0142ecze\u0144stwie<\/span><\/li>\n<\/ul>\n<ul>\n<li style=\"font-weight: 400;\" aria-level=\"1\"><span style=\"font-weight: 400;\">Zadbajmy o bezpiecze\u0144stwo policji  <\/span><\/li>\n<li style=\"font-weight: 400;\" aria-level=\"1\"><span style=\"font-weight: 400;\">Zwi\u0119ksz widoczne egzekwowanie prawa i zaufanie spo\u0142eczne do policji za pomoc\u0105 ukierunkowanych \u015brodk\u00f3w<\/span><\/li>\n<li style=\"font-weight: 400;\" aria-level=\"1\"><span style=\"font-weight: 400;\">\u017b\u0105damy natychmiastowego zawieszenia broni w wolnej Palestynie<\/span><\/li>\n<li style=\"font-weight: 400;\" aria-level=\"1\"><span style=\"font-weight: 400;\">Rz\u0105d Izraela musi zosta\u0107 poci\u0105gni\u0119ty do odpowiedzialno\u015bci za zbrodnie wojenne i ludob\u00f3jstwo w Gazie<\/span><\/li>\n<li style=\"font-weight: 400;\" aria-level=\"1\"><span style=\"font-weight: 400;\">Nale\u017cy wstrzyma\u0107 dostawy broni do Izraela i na\u0142o\u017cy\u0107 mi\u0119dzynarodowe sankcje handlowe<\/span><\/li>\n<\/ul>\n\t\t\t\t\t\t<\/div>\n\t\t\t\t<\/div>\n\t\t\t\t\t<\/div>\n\t\t\t\t<\/div>\n\t\t\t\t<\/div>\n\t\t","protected":false},"excerpt":{"rendered":"<p>G\u0142osujmy na sp\u00f3jne spo\u0142ecze\u0144stwo G\u0142osujmy na prawa kobiet G\u0142osujmy za natur\u0105 G\u0142osujmy za pokojem Wersja skrocona: Bezpieczne mieszkania dla ludzi &#8211; nie inwestor\u00f3w Mieszkania dla ludzi, a nie inwestor\u00f3w Wysokiej jako\u015bci mieszkania dla ludzi niezale\u017cnie od ich finans\u00f3w Zapobiegnijmy krachowi na rynku mieszkaniowym, wprowadzaj\u0105c zaostrzone warunki Dalsze ograniczenia dotycz\u0105ce najmu kr\u00f3tkoterminowego, w tym AirBnB Wynajem [&hellip;]<\/p>\n","protected":false},"author":2,"featured_media":0,"parent":0,"menu_order":0,"comment_status":"closed","ping_status":"closed","template":"","meta":{"footnotes":""},"malefni":[],"class_list":["post-2912","page","type-page","status-publish","hentry"],"_links":{"self":[{"href":"https:\/\/x24.vg.is\/pl\/wp-json\/wp\/v2\/pages\/2912","targetHints":{"allow":["GET"]}}],"collection":[{"href":"https:\/\/x24.vg.is\/pl\/wp-json\/wp\/v2\/pages"}],"about":[{"href":"https:\/\/x24.vg.is\/pl\/wp-json\/wp\/v2\/types\/page"}],"author":[{"embeddable":true,"href":"https:\/\/x24.vg.is\/pl\/wp-json\/wp\/v2\/users\/2"}],"replies":[{"embeddable":true,"href":"https:\/\/x24.vg.is\/pl\/wp-json\/wp\/v2\/comments?post=2912"}],"version-history":[{"count":7,"href":"https:\/\/x24.vg.is\/pl\/wp-json\/wp\/v2\/pages\/2912\/revisions"}],"predecessor-version":[{"id":2957,"href":"https:\/\/x24.vg.is\/pl\/wp-json\/wp\/v2\/pages\/2912\/revisions\/2957"}],"wp:attachment":[{"href":"https:\/\/x24.vg.is\/pl\/wp-json\/wp\/v2\/media?parent=2912"}],"wp:term":[{"taxonomy":"malefni","embeddable":true,"href":"https:\/\/x24.vg.is\/pl\/wp-json\/wp\/v2\/malefni?post=2912"}],"curies":[{"name":"wp","href":"https:\/\/api.w.org\/{rel}","templated":true}]}}