{"id":2107,"date":"2022-04-07T14:41:09","date_gmt":"2022-04-07T14:41:09","guid":{"rendered":"http:\/\/x24.vg.is\/podkreslenia-wyborcze\/kwestie-mieszkaniowe-i-planowanie-przestrzenne\/"},"modified":"2022-05-04T12:08:03","modified_gmt":"2022-05-04T12:08:03","slug":"kwestie-mieszkaniowe-i-planowanie-przestrzenne","status":"publish","type":"page","link":"https:\/\/x24.vg.is\/pl\/podkreslenia-wyborcze\/kwestie-mieszkaniowe-i-planowanie-przestrzenne\/","title":{"rendered":"Kwestie mieszkaniowe i planowanie przestrzenne"},"content":{"rendered":"\t\t<div data-elementor-type=\"wp-page\" data-elementor-id=\"2107\" class=\"elementor elementor-2107 elementor-714\" data-elementor-post-type=\"page\">\n\t\t\t\t\t\t<section class=\"elementor-section elementor-top-section elementor-element elementor-element-a45bf01 elementor-section-full_width elementor-section-height-default elementor-section-height-default\" data-id=\"a45bf01\" data-element_type=\"section\">\n\t\t\t\t\t\t<div class=\"elementor-container elementor-column-gap-no\">\n\t\t\t\t\t<div class=\"elementor-column elementor-col-100 elementor-top-column elementor-element elementor-element-734f59f\" data-id=\"734f59f\" data-element_type=\"column\">\n\t\t\t<div class=\"elementor-widget-wrap elementor-element-populated\">\n\t\t\t\t<div class=\"elementor-element elementor-element-df04896 e-con-full e-flex e-con e-parent\" data-id=\"df04896\" data-element_type=\"container\" id=\"aherslugrid\">\n\t\t<div class=\"elementor-element elementor-element-6ed120c aherslur-griditem2 e-flex e-con-boxed e-con e-parent\" data-id=\"6ed120c\" data-element_type=\"container\" data-settings=\"{&quot;background_background&quot;:&quot;classic&quot;}\">\n\t\t\t\t\t<div class=\"e-con-inner\">\n\t\t\t\t<div class=\"elementor-element elementor-element-1848762 elementor-widget elementor-widget-heading\" data-id=\"1848762\" data-element_type=\"widget\" data-widget_type=\"heading.default\">\n\t\t\t\t<div class=\"elementor-widget-container\">\n\t\t\t<h2 class=\"elementor-heading-title elementor-size-default\">Wydatki na cele mieszkaniowe nigdy nie powinny przekracza\u0107 <strong>33% dochodu rozporz\u0105dzalnego<\/strong><\/h2>\t\t<\/div>\n\t\t\t\t<\/div>\n\t\t\t\t\t<\/div>\n\t\t\t\t<\/div>\n\t\t<div class=\"elementor-element elementor-element-41d197e aherslur-griditem2 e-flex e-con-boxed e-con e-parent\" data-id=\"41d197e\" data-element_type=\"container\" data-settings=\"{&quot;background_background&quot;:&quot;classic&quot;}\">\n\t\t\t\t\t<div class=\"e-con-inner\">\n\t\t\t\t<div class=\"elementor-element elementor-element-f1160dd elementor-widget elementor-widget-heading\" data-id=\"f1160dd\" data-element_type=\"widget\" data-widget_type=\"heading.default\">\n\t\t\t\t<div class=\"elementor-widget-container\">\n\t\t\t<h2 class=\"elementor-heading-title elementor-size-default\">Wprowadzimy jasne zasady dotycz\u0105ce <strong>wynajmu kr\u00f3tkoterminowego<\/strong> dla turyst\u00f3w<\/h2>\t\t<\/div>\n\t\t\t\t<\/div>\n\t\t\t\t\t<\/div>\n\t\t\t\t<\/div>\n\t\t<div class=\"elementor-element elementor-element-a288ee5 aherslur-griditem2 e-flex e-con-boxed e-con e-parent\" data-id=\"a288ee5\" data-element_type=\"container\" data-settings=\"{&quot;background_background&quot;:&quot;classic&quot;}\">\n\t\t\t\t\t<div class=\"e-con-inner\">\n\t\t\t\t<div class=\"elementor-element elementor-element-9b3a2db elementor-widget elementor-widget-heading\" data-id=\"9b3a2db\" data-element_type=\"widget\" data-widget_type=\"heading.default\">\n\t\t\t\t<div class=\"elementor-widget-container\">\n\t\t\t<h2 class=\"elementor-heading-title elementor-size-default\">Planowanie przestrzenne powinno uwzgl\u0119dnia\u0107 <strong>potrzeby ludno\u015bci<\/strong> i zr\u00f3\u017cnicowanie spo\u0142eczne.<\/h2>\t\t<\/div>\n\t\t\t\t<\/div>\n\t\t\t\t\t<\/div>\n\t\t\t\t<\/div>\n\t\t<div class=\"elementor-element elementor-element-622e4c8 aherslur-griditem2 e-flex e-con-boxed e-con e-parent\" data-id=\"622e4c8\" data-element_type=\"container\" data-settings=\"{&quot;background_background&quot;:&quot;classic&quot;}\">\n\t\t\t\t\t<div class=\"e-con-inner\">\n\t\t\t\t<div class=\"elementor-element elementor-element-0c07506 elementor-widget elementor-widget-heading\" data-id=\"0c07506\" data-element_type=\"widget\" data-widget_type=\"heading.default\">\n\t\t\t\t<div class=\"elementor-widget-container\">\n\t\t\t<h2 class=\"elementor-heading-title elementor-size-default\">Zbudujemy <strong>15-minutowe dzielnice<\/strong><\/h2>\t\t<\/div>\n\t\t\t\t<\/div>\n\t\t\t\t\t<\/div>\n\t\t\t\t<\/div>\n\t\t<div class=\"elementor-element elementor-element-e2922b8 aherslur-griditem2 e-flex e-con-boxed e-con e-parent\" data-id=\"e2922b8\" data-element_type=\"container\" data-settings=\"{&quot;background_background&quot;:&quot;classic&quot;}\">\n\t\t\t\t\t<div class=\"e-con-inner\">\n\t\t\t\t<div class=\"elementor-element elementor-element-2444e6f elementor-widget elementor-widget-heading\" data-id=\"2444e6f\" data-element_type=\"widget\" data-widget_type=\"heading.default\">\n\t\t\t\t<div class=\"elementor-widget-container\">\n\t\t\t<h2 class=\"elementor-heading-title elementor-size-default\"><strong>Stworzymy bezpieczne i zdrowe \u015brodowisko<\/strong>, w kt\u00f3rym konieczno\u015b\u0107 podr\u00f3\u017cowania zostanie zmniejszona do minimum, a promowane b\u0119d\u0105 zr\u00f3\u017cnicowane sposoby podr\u00f3\u017cowania<strong>oraz transport publiczny<\/strong><\/h2>\t\t<\/div>\n\t\t\t\t<\/div>\n\t\t\t\t\t<\/div>\n\t\t\t\t<\/div>\n\t\t<div class=\"elementor-element elementor-element-cef8a8c aherslur-griditem2 e-flex e-con-boxed e-con e-parent\" data-id=\"cef8a8c\" data-element_type=\"container\" data-settings=\"{&quot;background_background&quot;:&quot;classic&quot;}\">\n\t\t\t\t\t<div class=\"e-con-inner\">\n\t\t\t\t<div class=\"elementor-element elementor-element-0704907 elementor-widget elementor-widget-heading\" data-id=\"0704907\" data-element_type=\"widget\" data-widget_type=\"heading.default\">\n\t\t\t\t<div class=\"elementor-widget-container\">\n\t\t\t<h2 class=\"elementor-heading-title elementor-size-default\"><strong>Zagwarantujemy przydzia\u0142 dzia\u0142ek<\/strong> dla instytucji zajmuj\u0105cych si\u0119 wynajmem lokali socjalnych oraz b\u0119dziemy wspiera\u0107 ich funkcjonowanie.<\/h2>\t\t<\/div>\n\t\t\t\t<\/div>\n\t\t\t\t\t<\/div>\n\t\t\t\t<\/div>\n\t\t<div class=\"elementor-element elementor-element-d4d3aa3 aherslur-griditem2 e-flex e-con-boxed e-con e-parent\" data-id=\"d4d3aa3\" data-element_type=\"container\" data-settings=\"{&quot;background_background&quot;:&quot;classic&quot;}\">\n\t\t\t\t\t<div class=\"e-con-inner\">\n\t\t\t\t<div class=\"elementor-element elementor-element-764c231 elementor-widget elementor-widget-heading\" data-id=\"764c231\" data-element_type=\"widget\" data-widget_type=\"heading.default\">\n\t\t\t\t<div class=\"elementor-widget-container\">\n\t\t\t<h2 class=\"elementor-heading-title elementor-size-default\">Zwi\u0119kszymy mo\u017cliwo\u015b\u0107 podejmowania przez gminy inicjatyw zwi\u0105zanych z <strong>obszarami chronionymi<\/strong><\/h2>\t\t<\/div>\n\t\t\t\t<\/div>\n\t\t\t\t\t<\/div>\n\t\t\t\t<\/div>\n\t\t<div class=\"elementor-element elementor-element-bf3469f aherslur-griditem2 e-flex e-con-boxed e-con e-parent\" data-id=\"bf3469f\" data-element_type=\"container\" data-settings=\"{&quot;background_background&quot;:&quot;classic&quot;}\">\n\t\t\t\t\t<div class=\"e-con-inner\">\n\t\t\t\t<div class=\"elementor-element elementor-element-a502115 elementor-widget elementor-widget-heading\" data-id=\"a502115\" data-element_type=\"widget\" data-widget_type=\"heading.default\">\n\t\t\t\t<div class=\"elementor-widget-container\">\n\t\t\t<h2 class=\"elementor-heading-title elementor-size-default\"><strong>Zapewnimy w gminach<\/strong>miejsca do magazynowania oraz systemy dystrybucji energii ze \u017ar\u00f3de\u0142 przyjaznych \u015brodowisku<\/h2>\t\t<\/div>\n\t\t\t\t<\/div>\n\t\t\t\t\t<\/div>\n\t\t\t\t<\/div>\n\t\t\t\t<\/div>\n\t\t\t\t\t<\/div>\n\t\t<\/div>\n\t\t\t\t\t<\/div>\n\t\t<\/section>\n\t\t\t\t<\/div>\n\t\t","protected":false},"excerpt":{"rendered":"<p>Wydatki na cele mieszkaniowe nigdy nie powinny przekracza\u0107 33% dochodu rozporz\u0105dzalnego Wprowadzimy jasne zasady dotycz\u0105ce wynajmu kr\u00f3tkoterminowego dla turyst\u00f3w Planowanie przestrzenne powinno uwzgl\u0119dnia\u0107 potrzeby ludno\u015bci i zr\u00f3\u017cnicowanie spo\u0142eczne. Zbudujemy 15-minutowe dzielnice Stworzymy bezpieczne i zdrowe \u015brodowisko, w kt\u00f3rym konieczno\u015b\u0107 podr\u00f3\u017cowania zostanie zmniejszona do minimum, a promowane b\u0119d\u0105 zr\u00f3\u017cnicowane sposoby podr\u00f3\u017cowaniaoraz transport publiczny Zagwarantujemy przydzia\u0142 dzia\u0142ek [&hellip;]<\/p>\n","protected":false},"author":1,"featured_media":1269,"parent":1996,"menu_order":0,"comment_status":"closed","ping_status":"closed","template":"","meta":{"footnotes":""},"malefni":[],"class_list":["post-2107","page","type-page","status-publish","has-post-thumbnail","hentry"],"_links":{"self":[{"href":"https:\/\/x24.vg.is\/pl\/wp-json\/wp\/v2\/pages\/2107","targetHints":{"allow":["GET"]}}],"collection":[{"href":"https:\/\/x24.vg.is\/pl\/wp-json\/wp\/v2\/pages"}],"about":[{"href":"https:\/\/x24.vg.is\/pl\/wp-json\/wp\/v2\/types\/page"}],"author":[{"embeddable":true,"href":"https:\/\/x24.vg.is\/pl\/wp-json\/wp\/v2\/users\/1"}],"replies":[{"embeddable":true,"href":"https:\/\/x24.vg.is\/pl\/wp-json\/wp\/v2\/comments?post=2107"}],"version-history":[{"count":6,"href":"https:\/\/x24.vg.is\/pl\/wp-json\/wp\/v2\/pages\/2107\/revisions"}],"predecessor-version":[{"id":2113,"href":"https:\/\/x24.vg.is\/pl\/wp-json\/wp\/v2\/pages\/2107\/revisions\/2113"}],"up":[{"embeddable":true,"href":"https:\/\/x24.vg.is\/pl\/wp-json\/wp\/v2\/pages\/1996"}],"wp:featuredmedia":[{"embeddable":true,"href":"https:\/\/x24.vg.is\/pl\/wp-json\/wp\/v2\/media\/1269"}],"wp:attachment":[{"href":"https:\/\/x24.vg.is\/pl\/wp-json\/wp\/v2\/media?parent=2107"}],"wp:term":[{"taxonomy":"malefni","embeddable":true,"href":"https:\/\/x24.vg.is\/pl\/wp-json\/wp\/v2\/malefni?post=2107"}],"curies":[{"name":"wp","href":"https:\/\/api.w.org\/{rel}","templated":true}]}}