{"id":2094,"date":"2022-03-15T16:04:32","date_gmt":"2022-03-15T16:04:32","guid":{"rendered":"http:\/\/x24.vg.is\/elementor-9\/"},"modified":"2024-11-20T09:04:07","modified_gmt":"2024-11-20T09:04:07","slug":"elementor-9","status":"publish","type":"page","link":"https:\/\/x24.vg.is\/pl\/","title":{"rendered":"Elementor #9"},"content":{"rendered":"\t\t<div data-elementor-type=\"wp-page\" data-elementor-id=\"2094\" class=\"elementor elementor-2094 elementor-9\" data-elementor-post-type=\"page\">\n\t\t\t\t<div class=\"elementor-element elementor-element-3bc9106 e-flex e-con-boxed e-con e-parent\" data-id=\"3bc9106\" data-element_type=\"container\">\n\t\t\t\t\t<div class=\"e-con-inner\">\n\t\t\t\t<div class=\"elementor-element elementor-element-f540a83 elementor-widget elementor-widget-heading\" data-id=\"f540a83\" data-element_type=\"widget\" data-widget_type=\"heading.default\">\n\t\t\t\t<div class=\"elementor-widget-container\">\n\t\t\t<h2 class=\"elementor-heading-title elementor-size-default\">Strona wyborcza <strong>lewicowych Zielonych<\/strong> <\/h2>\t\t<\/div>\n\t\t\t\t<\/div>\n\t\t\t\t\t<\/div>\n\t\t\t\t<\/div>\n\t\t<div class=\"elementor-element elementor-element-7729453 e-flex e-con-boxed e-con e-parent\" data-id=\"7729453\" data-element_type=\"container\">\n\t\t\t\t\t<div class=\"e-con-inner\">\n\t\t<div class=\"elementor-element elementor-element-fa9d8f7 e-con-full e-flex e-con e-child\" data-id=\"fa9d8f7\" data-element_type=\"container\">\n\t\t\t\t<div class=\"elementor-element elementor-element-f4f85db elementor-widget elementor-widget-image\" data-id=\"f4f85db\" data-element_type=\"widget\" data-widget_type=\"image.default\">\n\t\t\t\t<div class=\"elementor-widget-container\">\n\t\t\t\t\t\t\t\t\t\t\t\t\t<img fetchpriority=\"high\" decoding=\"async\" width=\"768\" height=\"1024\" src=\"https:\/\/x24.vg.is\/wp-content\/uploads\/2024\/10\/Frambod-2252-768x1024.jpg\" class=\"attachment-large size-large wp-image-2551\" alt=\"\" srcset=\"https:\/\/x24.vg.is\/wp-content\/uploads\/2024\/10\/Frambod-2252-768x1024.jpg 768w, https:\/\/x24.vg.is\/wp-content\/uploads\/2024\/10\/Frambod-2252-225x300.jpg 225w, https:\/\/x24.vg.is\/wp-content\/uploads\/2024\/10\/Frambod-2252-1152x1536.jpg 1152w, https:\/\/x24.vg.is\/wp-content\/uploads\/2024\/10\/Frambod-2252-1536x2048.jpg 1536w, https:\/\/x24.vg.is\/wp-content\/uploads\/2024\/10\/Frambod-2252-scaled.jpg 1920w\" sizes=\"(max-width: 768px) 100vw, 768px\" \/>\t\t\t\t\t\t\t\t\t\t\t\t\t<\/div>\n\t\t\t\t<\/div>\n\t\t\t\t<\/div>\n\t\t<div class=\"elementor-element elementor-element-82c774c e-con-full e-flex e-con e-child\" data-id=\"82c774c\" data-element_type=\"container\">\n\t\t\t\t<div class=\"elementor-element elementor-element-b8c8a32 elementor-widget elementor-widget-image\" data-id=\"b8c8a32\" data-element_type=\"widget\" data-widget_type=\"image.default\">\n\t\t\t\t<div class=\"elementor-widget-container\">\n\t\t\t\t\t\t\t\t\t\t\t\t\t<img decoding=\"async\" width=\"768\" height=\"1024\" src=\"https:\/\/x24.vg.is\/wp-content\/uploads\/2024\/11\/Frambod-1700-768x1024.jpg\" class=\"attachment-large size-large wp-image-2559\" alt=\"\" srcset=\"https:\/\/x24.vg.is\/wp-content\/uploads\/2024\/11\/Frambod-1700-768x1024.jpg 768w, https:\/\/x24.vg.is\/wp-content\/uploads\/2024\/11\/Frambod-1700-225x300.jpg 225w, https:\/\/x24.vg.is\/wp-content\/uploads\/2024\/11\/Frambod-1700-1152x1536.jpg 1152w, https:\/\/x24.vg.is\/wp-content\/uploads\/2024\/11\/Frambod-1700-1536x2048.jpg 1536w, https:\/\/x24.vg.is\/wp-content\/uploads\/2024\/11\/Frambod-1700-scaled.jpg 1920w\" sizes=\"(max-width: 768px) 100vw, 768px\" \/>\t\t\t\t\t\t\t\t\t\t\t\t\t<\/div>\n\t\t\t\t<\/div>\n\t\t\t\t<\/div>\n\t\t<div class=\"elementor-element elementor-element-c5c64d3 e-con-full e-flex e-con e-child\" data-id=\"c5c64d3\" data-element_type=\"container\">\n\t\t\t\t<div class=\"elementor-element elementor-element-6ebb6d1 elementor-widget elementor-widget-image\" data-id=\"6ebb6d1\" data-element_type=\"widget\" data-widget_type=\"image.default\">\n\t\t\t\t<div class=\"elementor-widget-container\">\n\t\t\t\t\t\t\t\t\t\t\t\t\t<img decoding=\"async\" width=\"800\" height=\"965\" src=\"https:\/\/x24.vg.is\/wp-content\/uploads\/2024\/11\/20241102-DSC03023-e1732104177988-849x1024.jpg\" class=\"attachment-large size-large wp-image-2438\" alt=\"\" srcset=\"https:\/\/x24.vg.is\/wp-content\/uploads\/2024\/11\/20241102-DSC03023-e1732104177988-849x1024.jpg 849w, https:\/\/x24.vg.is\/wp-content\/uploads\/2024\/11\/20241102-DSC03023-e1732104177988-249x300.jpg 249w, https:\/\/x24.vg.is\/wp-content\/uploads\/2024\/11\/20241102-DSC03023-e1732104177988-768x926.jpg 768w, https:\/\/x24.vg.is\/wp-content\/uploads\/2024\/11\/20241102-DSC03023-e1732104177988-1273x1536.jpg 1273w, https:\/\/x24.vg.is\/wp-content\/uploads\/2024\/11\/20241102-DSC03023-e1732104177988-1698x2048.jpg 1698w\" sizes=\"(max-width: 800px) 100vw, 800px\" \/>\t\t\t\t\t\t\t\t\t\t\t\t\t<\/div>\n\t\t\t\t<\/div>\n\t\t\t\t<\/div>\n\t\t<div class=\"elementor-element elementor-element-c17dcde e-con-full e-flex e-con e-child\" data-id=\"c17dcde\" data-element_type=\"container\">\n\t\t\t\t<div class=\"elementor-element elementor-element-fdb5e98 elementor-widget__width-initial elementor-widget elementor-widget-image\" data-id=\"fdb5e98\" data-element_type=\"widget\" data-widget_type=\"image.default\">\n\t\t\t\t<div class=\"elementor-widget-container\">\n\t\t\t\t\t\t\t\t\t\t\t\t\t<img loading=\"lazy\" decoding=\"async\" width=\"791\" height=\"1024\" src=\"https:\/\/x24.vg.is\/wp-content\/uploads\/2024\/11\/IMG_0746-scaled-e1732104249528-791x1024.jpg\" class=\"attachment-large size-large wp-image-2460\" alt=\"\" srcset=\"https:\/\/x24.vg.is\/wp-content\/uploads\/2024\/11\/IMG_0746-scaled-e1732104249528-791x1024.jpg 791w, https:\/\/x24.vg.is\/wp-content\/uploads\/2024\/11\/IMG_0746-scaled-e1732104249528-232x300.jpg 232w, https:\/\/x24.vg.is\/wp-content\/uploads\/2024\/11\/IMG_0746-scaled-e1732104249528-768x994.jpg 768w, https:\/\/x24.vg.is\/wp-content\/uploads\/2024\/11\/IMG_0746-scaled-e1732104249528-1186x1536.jpg 1186w, https:\/\/x24.vg.is\/wp-content\/uploads\/2024\/11\/IMG_0746-scaled-e1732104249528-1582x2048.jpg 1582w, https:\/\/x24.vg.is\/wp-content\/uploads\/2024\/11\/IMG_0746-scaled-e1732104249528.jpg 1707w\" sizes=\"(max-width: 791px) 100vw, 791px\" \/>\t\t\t\t\t\t\t\t\t\t\t\t\t<\/div>\n\t\t\t\t<\/div>\n\t\t\t\t<\/div>\n\t\t<div class=\"elementor-element elementor-element-06b4ca3 e-con-full e-flex e-con e-child\" data-id=\"06b4ca3\" data-element_type=\"container\">\n\t\t\t\t<div class=\"elementor-element elementor-element-0a6b8f1 elementor-widget elementor-widget-image\" data-id=\"0a6b8f1\" data-element_type=\"widget\" data-widget_type=\"image.default\">\n\t\t\t\t<div class=\"elementor-widget-container\">\n\t\t\t\t\t\t\t\t\t\t\t\t\t<img loading=\"lazy\" decoding=\"async\" width=\"683\" height=\"1024\" src=\"https:\/\/x24.vg.is\/wp-content\/uploads\/2024\/11\/DST_3636-683x1024.jpg\" class=\"attachment-large size-large wp-image-2676\" alt=\"\" srcset=\"https:\/\/x24.vg.is\/wp-content\/uploads\/2024\/11\/DST_3636-683x1024.jpg 683w, https:\/\/x24.vg.is\/wp-content\/uploads\/2024\/11\/DST_3636-200x300.jpg 200w, https:\/\/x24.vg.is\/wp-content\/uploads\/2024\/11\/DST_3636-768x1152.jpg 768w, https:\/\/x24.vg.is\/wp-content\/uploads\/2024\/11\/DST_3636-1024x1536.jpg 1024w, https:\/\/x24.vg.is\/wp-content\/uploads\/2024\/11\/DST_3636-1366x2048.jpg 1366w, https:\/\/x24.vg.is\/wp-content\/uploads\/2024\/11\/DST_3636-scaled.jpg 1707w\" sizes=\"(max-width: 683px) 100vw, 683px\" \/>\t\t\t\t\t\t\t\t\t\t\t\t\t<\/div>\n\t\t\t\t<\/div>\n\t\t\t\t<\/div>\n\t\t<div class=\"elementor-element elementor-element-9106985 e-con-full e-flex e-con e-child\" data-id=\"9106985\" data-element_type=\"container\">\n\t\t\t\t<div class=\"elementor-element elementor-element-0120a21 elementor-widget elementor-widget-image\" data-id=\"0120a21\" data-element_type=\"widget\" data-widget_type=\"image.default\">\n\t\t\t\t<div class=\"elementor-widget-container\">\n\t\t\t\t\t\t\t\t\t\t\t\t\t<img loading=\"lazy\" decoding=\"async\" width=\"800\" height=\"853\" src=\"https:\/\/x24.vg.is\/wp-content\/uploads\/2024\/11\/Frambod-1465-1-scaled-e1730829082907-960x1024.jpg\" class=\"attachment-large size-large wp-image-2530\" alt=\"\" srcset=\"https:\/\/x24.vg.is\/wp-content\/uploads\/2024\/11\/Frambod-1465-1-scaled-e1730829082907-960x1024.jpg 960w, https:\/\/x24.vg.is\/wp-content\/uploads\/2024\/11\/Frambod-1465-1-scaled-e1730829082907-281x300.jpg 281w, https:\/\/x24.vg.is\/wp-content\/uploads\/2024\/11\/Frambod-1465-1-scaled-e1730829082907-768x820.jpg 768w, https:\/\/x24.vg.is\/wp-content\/uploads\/2024\/11\/Frambod-1465-1-scaled-e1730829082907-1439x1536.jpg 1439w, https:\/\/x24.vg.is\/wp-content\/uploads\/2024\/11\/Frambod-1465-1-scaled-e1730829082907.jpg 1847w\" sizes=\"(max-width: 800px) 100vw, 800px\" \/>\t\t\t\t\t\t\t\t\t\t\t\t\t<\/div>\n\t\t\t\t<\/div>\n\t\t\t\t<\/div>\n\t\t\t\t\t<\/div>\n\t\t\t\t<\/div>\n\t\t<div class=\"elementor-element elementor-element-e766ec1 e-grid e-con-boxed e-con e-parent\" data-id=\"e766ec1\" data-element_type=\"container\">\n\t\t\t\t\t<div class=\"e-con-inner\">\n\t\t\t\t<div class=\"elementor-element elementor-element-c467e0b elementor-widget elementor-widget-heading\" data-id=\"c467e0b\" data-element_type=\"widget\" data-widget_type=\"heading.default\">\n\t\t\t\t<div class=\"elementor-widget-container\">\n\t\t\t<h2 class=\"elementor-heading-title elementor-size-default\"><a href=\"https:\/\/x24.vg.is\/pl\/priorytety-wyborcze-vg\/\"><strong>Zobacz priorytety wyborcze<\/strong> Zielonej Lewicy \u2192<\/a><\/h2>\t\t<\/div>\n\t\t\t\t<\/div>\n\t\t\t\t<div class=\"elementor-element elementor-element-16084b2 elementor-widget elementor-widget-heading\" data-id=\"16084b2\" data-element_type=\"widget\" data-widget_type=\"heading.default\">\n\t\t\t\t<div class=\"elementor-widget-container\">\n\t\t\t<h2 class=\"elementor-heading-title elementor-size-default\"><a href=\"https:\/\/x24.vg.is\/helstu-upplysingar\/\">Informacje <strong>g\u0142\u00f3wne<\/strong> \u2192<\/a><\/h2>\t\t<\/div>\n\t\t\t\t<\/div>\n\t\t\t\t\t<\/div>\n\t\t\t\t<\/div>\n\t\t<div class=\"elementor-element elementor-element-971fcb5 e-flex e-con-boxed e-con e-parent\" data-id=\"971fcb5\" data-element_type=\"container\">\n\t\t\t\t\t<div class=\"e-con-inner\">\n\t\t<div class=\"elementor-element elementor-element-8ecea50 e-con-full e-flex e-con e-child\" data-id=\"8ecea50\" data-element_type=\"container\">\n\t\t\t\t<div class=\"elementor-element elementor-element-e4f33ea elementor-align-justify elementor-widget elementor-widget-button\" data-id=\"e4f33ea\" data-element_type=\"widget\" data-widget_type=\"button.default\">\n\t\t\t\t<div class=\"elementor-widget-container\">\n\t\t\t\t\t\t\t<div class=\"elementor-button-wrapper\">\n\t\t\t\t\t<a class=\"elementor-button elementor-button-link elementor-size-xl\" href=\"https:\/\/docs.google.com\/forms\/d\/e\/1FAIpQLSdYUDswv71UcJprnv4Dqnw7I0WU7Ngo6kbSAL5PGj85IKDwKQ\/viewform?usp=sf_link\">\n\t\t\t\t\t\t<span class=\"elementor-button-content-wrapper\">\n\t\t\t\t\t\t\t\t\t<span class=\"elementor-button-text\">Chcesz zosta\u0107 wolontariuszem?<\/span>\n\t\t\t\t\t<\/span>\n\t\t\t\t\t<\/a>\n\t\t\t\t<\/div>\n\t\t\t\t\t\t<\/div>\n\t\t\t\t<\/div>\n\t\t\t\t<\/div>\n\t\t\t\t<div class=\"elementor-element elementor-element-f7797fd elementor-widget elementor-widget-image\" data-id=\"f7797fd\" data-element_type=\"widget\" data-widget_type=\"image.default\">\n\t\t\t\t<div class=\"elementor-widget-container\">\n\t\t\t\t\t\t\t\t\t\t\t\t\t<img loading=\"lazy\" decoding=\"async\" width=\"768\" height=\"409\" src=\"https:\/\/x24.vg.is\/wp-content\/uploads\/2022\/03\/shutterstock_1350464930-copy-768x409.jpg\" class=\"attachment-medium_large size-medium_large wp-image-20\" alt=\"\" srcset=\"https:\/\/x24.vg.is\/wp-content\/uploads\/2022\/03\/shutterstock_1350464930-copy-768x409.jpg 768w, https:\/\/x24.vg.is\/wp-content\/uploads\/2022\/03\/shutterstock_1350464930-copy-300x160.jpg 300w, https:\/\/x24.vg.is\/wp-content\/uploads\/2022\/03\/shutterstock_1350464930-copy-1024x545.jpg 1024w, https:\/\/x24.vg.is\/wp-content\/uploads\/2022\/03\/shutterstock_1350464930-copy.jpg 1500w\" sizes=\"(max-width: 768px) 100vw, 768px\" \/>\t\t\t\t\t\t\t\t\t\t\t\t\t<\/div>\n\t\t\t\t<\/div>\n\t\t\t\t\t<\/div>\n\t\t\t\t<\/div>\n\t\t<div class=\"elementor-element elementor-element-8f03500 e-flex e-con-boxed e-con e-parent\" data-id=\"8f03500\" data-element_type=\"container\">\n\t\t\t\t\t<div class=\"e-con-inner\">\n\t\t\t\t<div class=\"elementor-element elementor-element-baa4a6e elementor-widget elementor-widget-heading\" data-id=\"baa4a6e\" data-element_type=\"widget\" data-widget_type=\"heading.default\">\n\t\t\t\t<div class=\"elementor-widget-container\">\n\t\t\t<h2 class=\"elementor-heading-title elementor-size-default\"><b>Listy dostaw VG<\/b><\/h2>\t\t<\/div>\n\t\t\t\t<\/div>\n\t\t\t\t\t<\/div>\n\t\t\t\t<\/div>\n\t\t<div class=\"elementor-element elementor-element-527ce5e e-flex e-con-boxed e-con e-parent\" data-id=\"527ce5e\" data-element_type=\"container\">\n\t\t\t\t\t<div class=\"e-con-inner\">\n\t\t<div class=\"elementor-element elementor-element-841f9dd e-con-full e-flex e-con e-child\" data-id=\"841f9dd\" data-element_type=\"container\">\n\t\t\t\t<div class=\"elementor-element elementor-element-949e2d8 elementor-align-justify elementor-widget elementor-widget-button\" data-id=\"949e2d8\" data-element_type=\"widget\" data-widget_type=\"button.default\">\n\t\t\t\t<div class=\"elementor-widget-container\">\n\t\t\t\t\t\t\t<div class=\"elementor-button-wrapper\">\n\t\t\t\t\t<a class=\"elementor-button elementor-button-link elementor-size-xl\" href=\"http:\/\/x24.vg.is\/nordvesturkjordaemi\/\">\n\t\t\t\t\t\t<span class=\"elementor-button-content-wrapper\">\n\t\t\t\t\t\t\t\t\t<span class=\"elementor-button-text\">Okr\u0119g p\u00f3\u0142nocno-zachodni<\/span>\n\t\t\t\t\t<\/span>\n\t\t\t\t\t<\/a>\n\t\t\t\t<\/div>\n\t\t\t\t\t\t<\/div>\n\t\t\t\t<\/div>\n\t\t\t\t<\/div>\n\t\t<div class=\"elementor-element elementor-element-bef0a7c e-con-full e-flex e-con e-child\" data-id=\"bef0a7c\" data-element_type=\"container\">\n\t\t\t\t<div class=\"elementor-element elementor-element-7e076b1 elementor-align-justify elementor-widget elementor-widget-button\" data-id=\"7e076b1\" data-element_type=\"widget\" data-widget_type=\"button.default\">\n\t\t\t\t<div class=\"elementor-widget-container\">\n\t\t\t\t\t\t\t<div class=\"elementor-button-wrapper\">\n\t\t\t\t\t<a class=\"elementor-button elementor-button-link elementor-size-xl\" href=\"http:\/\/x24.vg.is\/reykjavikurkjordaemi-nordur\/\">\n\t\t\t\t\t\t<span class=\"elementor-button-content-wrapper\">\n\t\t\t\t\t\t\t\t\t<span class=\"elementor-button-text\">Okr\u0119g wyborczy Reykjav\u00edk na p\u00f3\u0142noc<\/span>\n\t\t\t\t\t<\/span>\n\t\t\t\t\t<\/a>\n\t\t\t\t<\/div>\n\t\t\t\t\t\t<\/div>\n\t\t\t\t<\/div>\n\t\t\t\t<\/div>\n\t\t<div class=\"elementor-element elementor-element-d8a73f8 e-con-full e-flex e-con e-child\" data-id=\"d8a73f8\" data-element_type=\"container\">\n\t\t\t\t<div class=\"elementor-element elementor-element-db9fd84 elementor-align-justify elementor-widget elementor-widget-button\" data-id=\"db9fd84\" data-element_type=\"widget\" data-widget_type=\"button.default\">\n\t\t\t\t<div class=\"elementor-widget-container\">\n\t\t\t\t\t\t\t<div class=\"elementor-button-wrapper\">\n\t\t\t\t\t<a class=\"elementor-button elementor-button-link elementor-size-xl\" href=\"http:\/\/x24.vg.is\/sudurkjordaemi\/\">\n\t\t\t\t\t\t<span class=\"elementor-button-content-wrapper\">\n\t\t\t\t\t\t\t\t\t<span class=\"elementor-button-text\">Po\u0142udniowy okr\u0119g wyborczy<\/span>\n\t\t\t\t\t<\/span>\n\t\t\t\t\t<\/a>\n\t\t\t\t<\/div>\n\t\t\t\t\t\t<\/div>\n\t\t\t\t<\/div>\n\t\t\t\t<\/div>\n\t\t<div class=\"elementor-element elementor-element-f351930 e-con-full e-flex e-con e-child\" data-id=\"f351930\" data-element_type=\"container\">\n\t\t\t\t<div class=\"elementor-element elementor-element-498ceda elementor-align-justify elementor-widget elementor-widget-button\" data-id=\"498ceda\" data-element_type=\"widget\" data-widget_type=\"button.default\">\n\t\t\t\t<div class=\"elementor-widget-container\">\n\t\t\t\t\t\t\t<div class=\"elementor-button-wrapper\">\n\t\t\t\t\t<a class=\"elementor-button elementor-button-link elementor-size-xl\" href=\"http:\/\/x24.vg.is\/nordaustur\/\">\n\t\t\t\t\t\t<span class=\"elementor-button-content-wrapper\">\n\t\t\t\t\t\t\t\t\t<span class=\"elementor-button-text\">Okr\u0119g p\u00f3\u0142nocno-wschodni<\/span>\n\t\t\t\t\t<\/span>\n\t\t\t\t\t<\/a>\n\t\t\t\t<\/div>\n\t\t\t\t\t\t<\/div>\n\t\t\t\t<\/div>\n\t\t\t\t<\/div>\n\t\t<div class=\"elementor-element elementor-element-11b0665 e-con-full e-flex e-con e-child\" data-id=\"11b0665\" data-element_type=\"container\">\n\t\t\t\t<div class=\"elementor-element elementor-element-5dc30f8 elementor-align-justify elementor-widget elementor-widget-button\" data-id=\"5dc30f8\" data-element_type=\"widget\" data-widget_type=\"button.default\">\n\t\t\t\t<div class=\"elementor-widget-container\">\n\t\t\t\t\t\t\t<div class=\"elementor-button-wrapper\">\n\t\t\t\t\t<a class=\"elementor-button elementor-button-link elementor-size-xl\" href=\"http:\/\/x24.vg.is\/reykjavikurkjordaemi-sudur\/\">\n\t\t\t\t\t\t<span class=\"elementor-button-content-wrapper\">\n\t\t\t\t\t\t\t\t\t<span class=\"elementor-button-text\">Okr\u0119g wyborczy Reykjav\u00edk na po\u0142udnie<\/span>\n\t\t\t\t\t<\/span>\n\t\t\t\t\t<\/a>\n\t\t\t\t<\/div>\n\t\t\t\t\t\t<\/div>\n\t\t\t\t<\/div>\n\t\t\t\t<\/div>\n\t\t<div class=\"elementor-element elementor-element-6cc7dac e-con-full e-flex e-con e-child\" data-id=\"6cc7dac\" data-element_type=\"container\">\n\t\t\t\t<div class=\"elementor-element elementor-element-b48c797 elementor-align-justify elementor-widget elementor-widget-button\" data-id=\"b48c797\" data-element_type=\"widget\" data-widget_type=\"button.default\">\n\t\t\t\t<div class=\"elementor-widget-container\">\n\t\t\t\t\t\t\t<div class=\"elementor-button-wrapper\">\n\t\t\t\t\t<a class=\"elementor-button elementor-button-link elementor-size-xl\" href=\"http:\/\/x24.vg.is\/sudvesturkjordaemi\/\">\n\t\t\t\t\t\t<span class=\"elementor-button-content-wrapper\">\n\t\t\t\t\t\t\t\t\t<span class=\"elementor-button-text\">Okr\u0119g po\u0142udniowo-zachodni<\/span>\n\t\t\t\t\t<\/span>\n\t\t\t\t\t<\/a>\n\t\t\t\t<\/div>\n\t\t\t\t\t\t<\/div>\n\t\t\t\t<\/div>\n\t\t\t\t<\/div>\n\t\t\t\t\t<\/div>\n\t\t\t\t<\/div>\n\t\t<div class=\"elementor-element elementor-element-f3d0978 e-flex e-con-boxed e-con e-parent\" data-id=\"f3d0978\" data-element_type=\"container\">\n\t\t\t\t\t<div class=\"e-con-inner\">\n\t\t<div class=\"elementor-element elementor-element-cff5549 e-con-full e-flex e-con e-child\" data-id=\"cff5549\" data-element_type=\"container\">\n\t\t\t\t<div class=\"elementor-element elementor-element-ca6de67 elementor-widget elementor-widget-image\" data-id=\"ca6de67\" data-element_type=\"widget\" data-widget_type=\"image.default\">\n\t\t\t\t<div class=\"elementor-widget-container\">\n\t\t\t\t\t\t\t\t\t\t\t\t\t<img loading=\"lazy\" decoding=\"async\" width=\"428\" height=\"429\" src=\"https:\/\/x24.vg.is\/wp-content\/uploads\/2024\/11\/fossinn.png\" class=\"attachment-large size-large wp-image-2622\" alt=\"\" srcset=\"https:\/\/x24.vg.is\/wp-content\/uploads\/2024\/11\/fossinn.png 428w, https:\/\/x24.vg.is\/wp-content\/uploads\/2024\/11\/fossinn-300x300.png 300w, https:\/\/x24.vg.is\/wp-content\/uploads\/2024\/11\/fossinn-150x150.png 150w\" sizes=\"(max-width: 428px) 100vw, 428px\" \/>\t\t\t\t\t\t\t\t\t\t\t\t\t<\/div>\n\t\t\t\t<\/div>\n\t\t\t\t<\/div>\n\t\t<div class=\"elementor-element elementor-element-4571c3d e-con-full e-flex e-con e-child\" data-id=\"4571c3d\" data-element_type=\"container\">\n\t\t\t\t<div class=\"elementor-element elementor-element-b9ef1ab elementor-widget elementor-widget-image\" data-id=\"b9ef1ab\" data-element_type=\"widget\" data-widget_type=\"image.default\">\n\t\t\t\t<div class=\"elementor-widget-container\">\n\t\t\t\t\t\t\t\t\t\t\t\t\t<img loading=\"lazy\" decoding=\"async\" width=\"428\" height=\"429\" src=\"https:\/\/x24.vg.is\/wp-content\/uploads\/2024\/11\/vogin.png\" class=\"attachment-large size-large wp-image-2619\" alt=\"\" srcset=\"https:\/\/x24.vg.is\/wp-content\/uploads\/2024\/11\/vogin.png 428w, https:\/\/x24.vg.is\/wp-content\/uploads\/2024\/11\/vogin-300x300.png 300w, https:\/\/x24.vg.is\/wp-content\/uploads\/2024\/11\/vogin-150x150.png 150w\" sizes=\"(max-width: 428px) 100vw, 428px\" \/>\t\t\t\t\t\t\t\t\t\t\t\t\t<\/div>\n\t\t\t\t<\/div>\n\t\t\t\t<\/div>\n\t\t<div class=\"elementor-element elementor-element-a566ee1 e-con-full e-flex e-con e-child\" data-id=\"a566ee1\" data-element_type=\"container\">\n\t\t\t\t<div class=\"elementor-element elementor-element-4ebd991 elementor-widget elementor-widget-image\" data-id=\"4ebd991\" data-element_type=\"widget\" data-widget_type=\"image.default\">\n\t\t\t\t<div class=\"elementor-widget-container\">\n\t\t\t\t\t\t\t\t\t\t\t\t\t<img loading=\"lazy\" decoding=\"async\" width=\"428\" height=\"429\" src=\"https:\/\/x24.vg.is\/wp-content\/uploads\/2024\/11\/fridur.png\" class=\"attachment-large size-large wp-image-2616\" alt=\"\" srcset=\"https:\/\/x24.vg.is\/wp-content\/uploads\/2024\/11\/fridur.png 428w, https:\/\/x24.vg.is\/wp-content\/uploads\/2024\/11\/fridur-300x300.png 300w, https:\/\/x24.vg.is\/wp-content\/uploads\/2024\/11\/fridur-150x150.png 150w\" sizes=\"(max-width: 428px) 100vw, 428px\" \/>\t\t\t\t\t\t\t\t\t\t\t\t\t<\/div>\n\t\t\t\t<\/div>\n\t\t\t\t<\/div>\n\t\t<div class=\"elementor-element elementor-element-0b761fe e-con-full e-flex e-con e-child\" data-id=\"0b761fe\" data-element_type=\"container\">\n\t\t\t\t<div class=\"elementor-element elementor-element-0cf427e elementor-widget elementor-widget-image\" data-id=\"0cf427e\" data-element_type=\"widget\" data-widget_type=\"image.default\">\n\t\t\t\t<div class=\"elementor-widget-container\">\n\t\t\t\t\t\t\t\t\t\t\t\t\t<img loading=\"lazy\" decoding=\"async\" width=\"428\" height=\"429\" src=\"https:\/\/x24.vg.is\/wp-content\/uploads\/2024\/11\/trans.png\" class=\"attachment-large size-large wp-image-2613\" alt=\"\" srcset=\"https:\/\/x24.vg.is\/wp-content\/uploads\/2024\/11\/trans.png 428w, https:\/\/x24.vg.is\/wp-content\/uploads\/2024\/11\/trans-300x300.png 300w, https:\/\/x24.vg.is\/wp-content\/uploads\/2024\/11\/trans-150x150.png 150w\" sizes=\"(max-width: 428px) 100vw, 428px\" \/>\t\t\t\t\t\t\t\t\t\t\t\t\t<\/div>\n\t\t\t\t<\/div>\n\t\t\t\t<\/div>\n\t\t\t\t\t<\/div>\n\t\t\t\t<\/div>\n\t\t\t\t<\/div>\n\t\t","protected":false},"excerpt":{"rendered":"<p>Strona wyborcza lewicowych Zielonych Zobacz priorytety wyborcze Zielonej Lewicy \u2192 Informacje g\u0142\u00f3wne \u2192 Chcesz zosta\u0107 wolontariuszem? Listy dostaw VG Okr\u0119g p\u00f3\u0142nocno-zachodni Okr\u0119g wyborczy Reykjav\u00edk na p\u00f3\u0142noc Po\u0142udniowy okr\u0119g wyborczy Okr\u0119g p\u00f3\u0142nocno-wschodni Okr\u0119g wyborczy Reykjav\u00edk na po\u0142udnie Okr\u0119g po\u0142udniowo-zachodni<\/p>\n","protected":false},"author":1,"featured_media":0,"parent":0,"menu_order":0,"comment_status":"closed","ping_status":"closed","template":"elementor_header_footer","meta":{"footnotes":""},"malefni":[],"class_list":["post-2094","page","type-page","status-publish","hentry"],"_links":{"self":[{"href":"https:\/\/x24.vg.is\/pl\/wp-json\/wp\/v2\/pages\/2094","targetHints":{"allow":["GET"]}}],"collection":[{"href":"https:\/\/x24.vg.is\/pl\/wp-json\/wp\/v2\/pages"}],"about":[{"href":"https:\/\/x24.vg.is\/pl\/wp-json\/wp\/v2\/types\/page"}],"author":[{"embeddable":true,"href":"https:\/\/x24.vg.is\/pl\/wp-json\/wp\/v2\/users\/1"}],"replies":[{"embeddable":true,"href":"https:\/\/x24.vg.is\/pl\/wp-json\/wp\/v2\/comments?post=2094"}],"version-history":[{"count":13,"href":"https:\/\/x24.vg.is\/pl\/wp-json\/wp\/v2\/pages\/2094\/revisions"}],"predecessor-version":[{"id":2953,"href":"https:\/\/x24.vg.is\/pl\/wp-json\/wp\/v2\/pages\/2094\/revisions\/2953"}],"wp:attachment":[{"href":"https:\/\/x24.vg.is\/pl\/wp-json\/wp\/v2\/media?parent=2094"}],"wp:term":[{"taxonomy":"malefni","embeddable":true,"href":"https:\/\/x24.vg.is\/pl\/wp-json\/wp\/v2\/malefni?post=2094"}],"curies":[{"name":"wp","href":"https:\/\/api.w.org\/{rel}","templated":true}]}}