{"id":2844,"date":"2024-11-11T13:49:34","date_gmt":"2024-11-11T13:49:34","guid":{"rendered":"https:\/\/x24.vg.is\/election-priorities-of-the-left-green-movement\/"},"modified":"2024-11-20T09:01:22","modified_gmt":"2024-11-20T09:01:22","slug":"kosningaaherslur-vg","status":"publish","type":"page","link":"https:\/\/x24.vg.is\/en\/kosningaaherslur-vg\/","title":{"rendered":"Election Priorities of the Left-Green Movement"},"content":{"rendered":"\t\t<div data-elementor-type=\"wp-page\" data-elementor-id=\"2844\" class=\"elementor elementor-2844 elementor-2759\" data-elementor-post-type=\"page\">\n\t\t\t\t<div class=\"elementor-element elementor-element-07374c0 e-grid e-con-boxed e-con e-parent\" data-id=\"07374c0\" data-element_type=\"container\">\n\t\t\t\t\t<div class=\"e-con-inner\">\n\t\t\t\t<div class=\"elementor-element elementor-element-77e2474 elementor-align-justify elementor-widget elementor-widget-button\" data-id=\"77e2474\" data-element_type=\"widget\" data-widget_type=\"button.default\">\n\t\t\t\t<div class=\"elementor-widget-container\">\n\t\t\t\t\t\t\t<div class=\"elementor-button-wrapper\">\n\t\t\t\t\t<a class=\"elementor-button elementor-button-link elementor-size-sm\" href=\"https:\/\/x24.vg.is\/en\/lets-vote-for-a-united-society-and-strong-public-services\/\">\n\t\t\t\t\t\t<span class=\"elementor-button-content-wrapper\">\n\t\t\t\t\t\t\t\t\t<span class=\"elementor-button-text\">Let's vote for a united society<\/span>\n\t\t\t\t\t<\/span>\n\t\t\t\t\t<\/a>\n\t\t\t\t<\/div>\n\t\t\t\t\t\t<\/div>\n\t\t\t\t<\/div>\n\t\t\t\t<div class=\"elementor-element elementor-element-8b33312 elementor-align-justify elementor-widget elementor-widget-button\" data-id=\"8b33312\" data-element_type=\"widget\" data-widget_type=\"button.default\">\n\t\t\t\t<div class=\"elementor-widget-container\">\n\t\t\t\t\t\t\t<div class=\"elementor-button-wrapper\">\n\t\t\t\t\t<a class=\"elementor-button elementor-button-link elementor-size-sm\" href=\"https:\/\/x24.vg.is\/en\/lets-vote-for-womens-rights\/\">\n\t\t\t\t\t\t<span class=\"elementor-button-content-wrapper\">\n\t\t\t\t\t\t\t\t\t<span class=\"elementor-button-text\">Let\u2019s vote for women\u2019s rights<\/span>\n\t\t\t\t\t<\/span>\n\t\t\t\t\t<\/a>\n\t\t\t\t<\/div>\n\t\t\t\t\t\t<\/div>\n\t\t\t\t<\/div>\n\t\t\t\t<div class=\"elementor-element elementor-element-8129a32 elementor-align-justify elementor-widget elementor-widget-button\" data-id=\"8129a32\" data-element_type=\"widget\" data-widget_type=\"button.default\">\n\t\t\t\t<div class=\"elementor-widget-container\">\n\t\t\t\t\t\t\t<div class=\"elementor-button-wrapper\">\n\t\t\t\t\t<a class=\"elementor-button elementor-button-link elementor-size-sm\" href=\"https:\/\/x24.vg.is\/en\/lets-vote-for-nature\/\">\n\t\t\t\t\t\t<span class=\"elementor-button-content-wrapper\">\n\t\t\t\t\t\t\t\t\t<span class=\"elementor-button-text\">Let\u2019s vote for nature<\/span>\n\t\t\t\t\t<\/span>\n\t\t\t\t\t<\/a>\n\t\t\t\t<\/div>\n\t\t\t\t\t\t<\/div>\n\t\t\t\t<\/div>\n\t\t\t\t<div class=\"elementor-element elementor-element-eee63f9 elementor-align-justify elementor-widget elementor-widget-button\" data-id=\"eee63f9\" data-element_type=\"widget\" data-widget_type=\"button.default\">\n\t\t\t\t<div class=\"elementor-widget-container\">\n\t\t\t\t\t\t\t<div class=\"elementor-button-wrapper\">\n\t\t\t\t\t<a class=\"elementor-button elementor-button-link elementor-size-sm\" href=\"https:\/\/x24.vg.is\/en\/lets-vote-for-freedom\/\">\n\t\t\t\t\t\t<span class=\"elementor-button-content-wrapper\">\n\t\t\t\t\t\t\t\t\t<span class=\"elementor-button-text\">Let\u2019s vote for peace<\/span>\n\t\t\t\t\t<\/span>\n\t\t\t\t\t<\/a>\n\t\t\t\t<\/div>\n\t\t\t\t\t\t<\/div>\n\t\t\t\t<\/div>\n\t\t\t\t\t<\/div>\n\t\t\t\t<\/div>\n\t\t<div class=\"elementor-element elementor-element-b63a4f8 e-flex e-con-boxed e-con e-parent\" data-id=\"b63a4f8\" data-element_type=\"container\">\n\t\t\t\t\t<div class=\"e-con-inner\">\n\t\t<div class=\"elementor-element elementor-element-c3f19a9 e-con-full e-flex e-con e-child\" data-id=\"c3f19a9\" data-element_type=\"container\">\n\t\t\t\t<div class=\"elementor-element elementor-element-dc2d546 elementor-widget elementor-widget-image\" data-id=\"dc2d546\" data-element_type=\"widget\" data-widget_type=\"image.default\">\n\t\t\t\t<div class=\"elementor-widget-container\">\n\t\t\t\t\t\t\t\t\t\t\t\t\t<img decoding=\"async\" width=\"150\" height=\"150\" src=\"https:\/\/x24.vg.is\/wp-content\/uploads\/2024\/11\/vogin-150x150.png\" class=\"attachment-thumbnail size-thumbnail wp-image-2619\" alt=\"\" srcset=\"https:\/\/x24.vg.is\/wp-content\/uploads\/2024\/11\/vogin-150x150.png 150w, https:\/\/x24.vg.is\/wp-content\/uploads\/2024\/11\/vogin-300x300.png 300w, https:\/\/x24.vg.is\/wp-content\/uploads\/2024\/11\/vogin.png 428w\" sizes=\"(max-width: 150px) 100vw, 150px\" \/>\t\t\t\t\t\t\t\t\t\t\t\t\t<\/div>\n\t\t\t\t<\/div>\n\t\t\t\t<\/div>\n\t\t<div class=\"elementor-element elementor-element-767c1d9 e-con-full e-flex e-con e-child\" data-id=\"767c1d9\" data-element_type=\"container\">\n\t\t\t\t<div class=\"elementor-element elementor-element-fe423c1 elementor-widget elementor-widget-image\" data-id=\"fe423c1\" data-element_type=\"widget\" data-widget_type=\"image.default\">\n\t\t\t\t<div class=\"elementor-widget-container\">\n\t\t\t\t\t\t\t\t\t\t\t\t\t<img decoding=\"async\" width=\"150\" height=\"150\" src=\"https:\/\/x24.vg.is\/wp-content\/uploads\/2024\/11\/fossinn-150x150.png\" class=\"attachment-thumbnail size-thumbnail wp-image-2622\" alt=\"\" srcset=\"https:\/\/x24.vg.is\/wp-content\/uploads\/2024\/11\/fossinn-150x150.png 150w, https:\/\/x24.vg.is\/wp-content\/uploads\/2024\/11\/fossinn-300x300.png 300w, https:\/\/x24.vg.is\/wp-content\/uploads\/2024\/11\/fossinn.png 428w\" sizes=\"(max-width: 150px) 100vw, 150px\" \/>\t\t\t\t\t\t\t\t\t\t\t\t\t<\/div>\n\t\t\t\t<\/div>\n\t\t\t\t<\/div>\n\t\t<div class=\"elementor-element elementor-element-779c70e e-con-full e-flex e-con e-child\" data-id=\"779c70e\" data-element_type=\"container\">\n\t\t\t\t<div class=\"elementor-element elementor-element-1c04995 elementor-widget elementor-widget-image\" data-id=\"1c04995\" data-element_type=\"widget\" data-widget_type=\"image.default\">\n\t\t\t\t<div class=\"elementor-widget-container\">\n\t\t\t\t\t\t\t\t\t\t\t\t\t<img decoding=\"async\" width=\"150\" height=\"150\" src=\"https:\/\/x24.vg.is\/wp-content\/uploads\/2024\/11\/trans-150x150.png\" class=\"attachment-thumbnail size-thumbnail wp-image-2613\" alt=\"\" srcset=\"https:\/\/x24.vg.is\/wp-content\/uploads\/2024\/11\/trans-150x150.png 150w, https:\/\/x24.vg.is\/wp-content\/uploads\/2024\/11\/trans-300x300.png 300w, https:\/\/x24.vg.is\/wp-content\/uploads\/2024\/11\/trans.png 428w\" sizes=\"(max-width: 150px) 100vw, 150px\" \/>\t\t\t\t\t\t\t\t\t\t\t\t\t<\/div>\n\t\t\t\t<\/div>\n\t\t\t\t<\/div>\n\t\t<div class=\"elementor-element elementor-element-8f695d9 e-con-full e-flex e-con e-child\" data-id=\"8f695d9\" data-element_type=\"container\">\n\t\t\t\t<div class=\"elementor-element elementor-element-1517e10 elementor-widget elementor-widget-image\" data-id=\"1517e10\" data-element_type=\"widget\" data-widget_type=\"image.default\">\n\t\t\t\t<div class=\"elementor-widget-container\">\n\t\t\t\t\t\t\t\t\t\t\t\t\t<img loading=\"lazy\" decoding=\"async\" width=\"150\" height=\"150\" src=\"https:\/\/x24.vg.is\/wp-content\/uploads\/2024\/11\/fridur-150x150.png\" class=\"attachment-thumbnail size-thumbnail wp-image-2616\" alt=\"\" srcset=\"https:\/\/x24.vg.is\/wp-content\/uploads\/2024\/11\/fridur-150x150.png 150w, https:\/\/x24.vg.is\/wp-content\/uploads\/2024\/11\/fridur-300x300.png 300w, https:\/\/x24.vg.is\/wp-content\/uploads\/2024\/11\/fridur.png 428w\" sizes=\"(max-width: 150px) 100vw, 150px\" \/>\t\t\t\t\t\t\t\t\t\t\t\t\t<\/div>\n\t\t\t\t<\/div>\n\t\t\t\t<\/div>\n\t\t\t\t\t<\/div>\n\t\t\t\t<\/div>\n\t\t<div class=\"elementor-element elementor-element-af227b5 e-flex e-con-boxed e-con e-parent\" data-id=\"af227b5\" data-element_type=\"container\">\n\t\t\t\t\t<div class=\"e-con-inner\">\n\t\t\t\t<div class=\"elementor-element elementor-element-27fd62a elementor-widget elementor-widget-heading\" data-id=\"27fd62a\" data-element_type=\"widget\" data-widget_type=\"heading.default\">\n\t\t\t\t<div class=\"elementor-widget-container\">\n\t\t\t<h2 class=\"elementor-heading-title elementor-size-default\">Short version:<\/h2>\t\t<\/div>\n\t\t\t\t<\/div>\n\t\t\t\t<div class=\"elementor-element elementor-element-4c25281 elementor-widget elementor-widget-text-editor\" data-id=\"4c25281\" data-element_type=\"widget\" data-widget_type=\"text-editor.default\">\n\t\t\t\t<div class=\"elementor-widget-container\">\n\t\t\t\t\t\t\t<h5><b><br \/>Secure housing for the people \u2013 not investors<\/b><\/h5><ul><li style=\"font-weight: 400;\" aria-level=\"1\"><span style=\"font-weight: 400;\">Housing for the people, not for investors<\/span><\/li><li style=\"font-weight: 400;\" aria-level=\"1\"><span style=\"font-weight: 400;\">Quality housing for everyone, regardless of income <\/span><\/li><li style=\"font-weight: 400;\" aria-level=\"1\"><span style=\"font-weight: 400;\">Implementation of stricter regulations to prevent speculation in the housing market. <\/span><\/li><li style=\"font-weight: 400;\" aria-level=\"1\"><span style=\"font-weight: 400;\">Imposing further restrictions on short-term rentals such as Airbnb.<\/span><\/li><li style=\"font-weight: 400;\" aria-level=\"1\"><span style=\"font-weight: 400;\">Introduction of rent control immediately.<\/span><\/li><li style=\"font-weight: 400;\" aria-level=\"1\"><span style=\"font-weight: 400;\">Building more rental housing in partnership with public institutions. <\/span><\/li><li style=\"font-weight: 400;\" aria-level=\"1\"><span style=\"font-weight: 400;\">Providing targeted mortgage interest relief to offset increased household interest costs.<\/span><\/li><li style=\"font-weight: 400;\" aria-level=\"1\"><span style=\"font-weight: 400;\">Continue allowing private savings to be used for home purchases by first-time buyers.<\/span><\/li><\/ul><h5><b>Health care is a cornerstone of society<\/b><\/h5><ul><li style=\"font-weight: 400;\" aria-level=\"1\"><span style=\"font-weight: 400;\">Protect public healthcare<\/span><\/li><li style=\"font-weight: 400;\" aria-level=\"1\"><span style=\"font-weight: 400;\">Reject further privatisation.<\/span><\/li><li style=\"font-weight: 400;\" aria-level=\"1\"><span style=\"font-weight: 400;\">Support a strong national hospital, Landsp\u00edtali.<\/span><\/li><li style=\"font-weight: 400;\" aria-level=\"1\"><span style=\"font-weight: 400;\">Oppose retail alcohol sales and reject the privatisation of the State Alcohol and Tobacco Company (\u00c1TVR).<\/span><\/li><li style=\"font-weight: 400;\" aria-level=\"1\"><span style=\"font-weight: 400;\">Strengthen violence prevention programs for children and youths.<\/span><\/li><li style=\"font-weight: 400;\" aria-level=\"1\"><span style=\"font-weight: 400;\">Ensure access to medications in all local communities.<\/span><\/li><li style=\"font-weight: 400;\" aria-level=\"1\"><span style=\"font-weight: 400;\">Enhance primary healthcare services across the country.<\/span><\/li><li style=\"font-weight: 400;\" aria-level=\"1\"><span style=\"font-weight: 400;\">Provide financial incentives for doctors to work in rural areas.<\/span><\/li><li style=\"font-weight: 400;\" aria-level=\"1\"><span style=\"font-weight: 400;\">Facilitate the return of doctors and healthcare workers to Iceland with student loan annulment.<\/span><\/li><li style=\"font-weight: 400;\" aria-level=\"1\"><span style=\"font-weight: 400;\">Improve access to mental health services.<\/span><\/li><\/ul><h5><b>Education is the greatest social equaliser <\/b><\/h5><ul><li style=\"font-weight: 400;\" aria-level=\"1\"><span style=\"font-weight: 400;\">No Class Divisions in the School System <\/span><\/li><li style=\"font-weight: 400;\" aria-level=\"1\"><span style=\"font-weight: 400;\">Ensure by law and funding that all children have access to preschool immediately after parental leave. <\/span><\/li><li style=\"font-weight: 400;\" aria-level=\"1\"><span style=\"font-weight: 400;\">Equal access to education \u2013 free schooling at all levels.<\/span><\/li><li style=\"font-weight: 400;\" aria-level=\"1\"><span style=\"font-weight: 400;\">Value teachers for their contributions and increase support across all areas.<\/span><\/li><li style=\"font-weight: 400;\" aria-level=\"1\"><span style=\"font-weight: 400;\">Strengthen fundamental research and increase funding for universities. <\/span><\/li><li style=\"font-weight: 400;\" aria-level=\"1\"><span style=\"font-weight: 400;\">Lower interest rates on student loans and use the student loan system to encourage graduates to return to Iceland.<\/span><\/li><li aria-level=\"1\"><span style=\"font-weight: 400;\">Culture and the arts should be accessible to all groups in society; barriers preventing people from enjoying diverse cultural experiences must be removed.<\/span><\/li><\/ul><h5><b><br \/><\/b><b>Give families more quality time together<\/b><\/h5><ul><li style=\"font-weight: 400;\" aria-level=\"1\"><span style=\"font-weight: 400;\">All children should lead lives free from poverty, violence, racism, class divisions, and misogyny.<\/span><\/li><li style=\"font-weight: 400;\" aria-level=\"1\"><span style=\"font-weight: 400;\">Close the gap between parental leave and preschool access immediately.<\/span><\/li><li style=\"font-weight: 400;\" aria-level=\"1\"><span style=\"font-weight: 400;\">Increase child benefits and parental leave allowances.<\/span><\/li><li style=\"font-weight: 400;\" aria-level=\"1\"><span style=\"font-weight: 400;\">Eliminate reductions on the lowest parental leave payments. <\/span><\/li><li style=\"font-weight: 400;\" aria-level=\"1\"><span style=\"font-weight: 400;\">End waiting lists for all child services.<\/span><\/li><li style=\"font-weight: 400;\" aria-level=\"1\"><span style=\"font-weight: 400;\">Transform treatment options for children with complex needs.<\/span><\/li><\/ul><h5><b>We only have nature on loan<\/b><\/h5><ul><li style=\"font-weight: 400;\" aria-level=\"1\"><span style=\"font-weight: 400;\">Prohibit whaling.<\/span><\/li><\/ul><ul><li style=\"font-weight: 400;\" aria-level=\"1\"><span style=\"font-weight: 400;\">Prohibit blood mare farming.<\/span><\/li><li style=\"font-weight: 400;\" aria-level=\"1\"><span style=\"font-weight: 400;\">Protect Eyjafj\u00f6r\u00f0ur, \u00d6xarfj\u00f6r\u00f0ur, and Sey\u00f0isfj\u00f6r\u00f0ur from open-sea fish farming.<\/span><\/li><li style=\"font-weight: 400;\" aria-level=\"1\">Increase protected areas and phase out open-sea fish farming.<\/li><li style=\"font-weight: 400;\" aria-level=\"1\"><span style=\"font-weight: 400;\">Set aside one-third of Iceland\u2019s land and waters as protected by 2030.<\/span><\/li><li style=\"font-weight: 400;\" aria-level=\"1\"><span style=\"font-weight: 400;\">Preserve the central highlands and the Westfjords highlands.<\/span><\/li><li style=\"font-weight: 400;\" aria-level=\"1\"><span style=\"font-weight: 400;\">Safeguard ecosystems through sustainable resource use.<\/span><\/li><li style=\"font-weight: 400;\" aria-level=\"1\"><span style=\"font-weight: 400;\">Reject privatisation of natural resources and infrastructure.<\/span><\/li><li style=\"font-weight: 400;\" aria-level=\"1\"><span style=\"font-weight: 400;\">Include a resource protection clause in the constitution.<\/span><\/li><li style=\"font-weight: 400;\" aria-level=\"1\"><span style=\"font-weight: 400;\">Ensure legal standing for environmental and animal protection organisations.<\/span><\/li><li style=\"font-weight: 400;\" aria-level=\"1\"><span style=\"font-weight: 400;\">Halt cryptocurrency mining in Iceland and direct energy to other better uses.<\/span><\/li><li style=\"font-weight: 400;\" aria-level=\"1\"><span style=\"font-weight: 400;\">Limit wind turbines to previously disturbed areas and ensure they remain in public ownership.<\/span><\/li><\/ul><h5><b>Farmers are the stewards of the land<\/b><\/h5><ul><li style=\"font-weight: 400;\" aria-level=\"1\"><span style=\"font-weight: 400;\">A new support system must work effectively for farmers. <\/span><\/li><li style=\"font-weight: 400;\" aria-level=\"1\"><span style=\"font-weight: 400;\">Increase support for local agriculture.<\/span><\/li><li style=\"font-weight: 400;\" aria-level=\"1\"><span style=\"font-weight: 400;\">Provide electricity discounts for vegetable farmers.<\/span><\/li><li style=\"font-weight: 400;\" aria-level=\"1\"><span style=\"font-weight: 400;\">Strengthen farmers&#8217; ability to build livelihoods through conservation and land restoration.<\/span><\/li><li style=\"font-weight: 400;\" aria-level=\"1\"><span style=\"font-weight: 400;\">Continue the major initiative to boost Icelandic grain production.<\/span><\/li><li style=\"font-weight: 400;\" aria-level=\"1\"><span style=\"font-weight: 400;\">Promote and strengthen all local food production.<\/span><\/li><\/ul><h5><b><br \/><\/b><b>The city is nothing without the countryside<\/b><\/h5><ul><li style=\"font-weight: 400;\" aria-level=\"1\"><span style=\"font-weight: 400;\">Improve transportation across the country and increase funding for road construction.<\/span><\/li><li style=\"font-weight: 400;\" aria-level=\"1\"><span style=\"font-weight: 400;\">Fund the tunnel project plan.<\/span><\/li><li style=\"font-weight: 400;\" aria-level=\"1\"><span style=\"font-weight: 400;\">Ensure school buses run on paved roads and eliminate single-lane bridges on the Ring Road.<\/span><\/li><li style=\"font-weight: 400;\" aria-level=\"1\"><span style=\"font-weight: 400;\">Guarantee energy security and strengthen the country\u2019s distribution network in harmony with communities and nature.<\/span><\/li><li style=\"font-weight: 400;\" aria-level=\"1\"><span style=\"font-weight: 400;\">Protect households from excessive increases in electricity prices.<\/span><\/li><li style=\"font-weight: 400;\" aria-level=\"1\"><span style=\"font-weight: 400;\">Implement legislation for public transportation.<\/span><\/li><li style=\"font-weight: 400;\" aria-level=\"1\"><span style=\"font-weight: 400;\">Accelerate the development of the Borgarl\u00edna. <\/span><\/li><\/ul><h5><b><br \/><\/b><b>Radical but realistic actions against climate change<\/b><\/h5><ul><li style=\"font-weight: 400;\" aria-level=\"1\"><span style=\"font-weight: 400;\">Those who pollute must pay \u2013 the pollution compensation principle must apply to all.<\/span><\/li><li style=\"font-weight: 400;\" aria-level=\"1\"><span style=\"font-weight: 400;\">Enshrine into law Iceland&#8217;s goal of a 55% reduction in greenhouse gas emissions by 2030.<\/span><\/li><li style=\"font-weight: 400;\" aria-level=\"1\"><span style=\"font-weight: 400;\">Make greenwashing punishable by law. <\/span><\/li><li style=\"font-weight: 400;\" aria-level=\"1\"><span style=\"font-weight: 400;\">Adopt a comprehensive climate policy.<\/span><\/li><li style=\"font-weight: 400;\" aria-level=\"1\"><span style=\"font-weight: 400;\">Significantly increase funding for climate action and accelerate its implementation.<\/span><\/li><li style=\"font-weight: 400;\" aria-level=\"1\"><span style=\"font-weight: 400;\">End the use of fossil fuels by 2040 through energy transition.<\/span><\/li><\/ul><h5><b>Women&#8217;s rights in focus<\/b><span style=\"font-weight: 400;\"><br \/><\/span><\/h5><ul><li style=\"font-weight: 400;\" aria-level=\"1\"><span style=\"font-weight: 400;\">Violence against women is a public health threat and must be eradicated by all available means.<\/span><\/li><li style=\"font-weight: 400;\" aria-level=\"1\"><span style=\"font-weight: 400;\">Eliminate gender inequality and misogyny.<\/span><\/li><li style=\"font-weight: 400;\" aria-level=\"1\"><span style=\"font-weight: 400;\">Fight against the erosion of rights for women and transgender people.<\/span><\/li><li style=\"font-weight: 400;\" aria-level=\"1\"><span style=\"font-weight: 400;\">Increase the value of women\u2019s work and eliminate the gender pay gap.<\/span><\/li><li style=\"font-weight: 400;\" aria-level=\"1\"><span style=\"font-weight: 400;\">Ensure equal distribution of parental leave.<\/span><\/li><\/ul><ul><li style=\"font-weight: 400;\" aria-level=\"1\"><span style=\"font-weight: 400;\">Survivors of sexual crimes should have legal standing as parties in their cases.<\/span><\/li><li style=\"font-weight: 400;\" aria-level=\"1\"><span style=\"font-weight: 400;\">The state should be liable for damages to victims if errors are made in investigations or if there are undue delays. <\/span><\/li><li style=\"font-weight: 400;\" aria-level=\"1\"><span style=\"font-weight: 400;\">Make it easier for victims of domestic violence to obtain restraining orders, and impose fines for violations of them.<\/span><\/li><li style=\"font-weight: 400;\" aria-level=\"1\"><span style=\"font-weight: 400;\">Make digital sexual crimes punishable by law.<\/span><\/li><li style=\"font-weight: 400;\" aria-level=\"1\"><span style=\"font-weight: 400;\">Ensure a humane path out of prostitution and human trafficking<\/span><\/li><\/ul><h5><b><br \/><\/b><b>Diversity enriches all of the society<\/b><\/h5><ul><li style=\"font-weight: 400;\" aria-level=\"1\"><span style=\"font-weight: 400;\">Welcome immigrants with open arms and ensure they have the opportunity to thrive as full participants in society.<\/span><\/li><li style=\"font-weight: 400;\" aria-level=\"1\"><span style=\"font-weight: 400;\">No detention centres for people fleeing conflict.<\/span><\/li><li style=\"font-weight: 400;\" aria-level=\"1\"><span style=\"font-weight: 400;\">The only way forward in immigration matters is through information and dialogue.<\/span><\/li><\/ul><ul><li style=\"font-weight: 400;\" aria-level=\"1\"><span style=\"font-weight: 400;\">Provide special attention and care to marginalised groups.<\/span><\/li><li style=\"font-weight: 400;\" aria-level=\"1\"><span style=\"font-weight: 400;\">Ensure free Icelandic language classes for all immigrants.<\/span><\/li><\/ul><h5><b>Wars ends with peace, not battles<\/b><\/h5><ul><li style=\"font-weight: 400;\" aria-level=\"1\"><span style=\"font-weight: 400;\">Condemn all war and violence.<\/span><\/li><li style=\"font-weight: 400;\" aria-level=\"1\"><span style=\"font-weight: 400;\">Eradicate inhumane policies against people fleeing conflict.<\/span><\/li><li style=\"font-weight: 400;\" aria-level=\"1\"><span style=\"font-weight: 400;\">Accelerate the processing of asylum applications and increase professionalism.<\/span><\/li><li style=\"font-weight: 400;\" aria-level=\"1\"><span style=\"font-weight: 400;\">Review and reform the procedures and practices of the Directorate of Immigration from the ground up.<\/span><\/li><li style=\"font-weight: 400;\" aria-level=\"1\"><span style=\"font-weight: 400;\">Work against all forms of weaponry in Icelandic society.<\/span><\/li><\/ul><ul><li style=\"font-weight: 400;\" aria-level=\"1\"><span style=\"font-weight: 400;\">Ensure job security for the police. <\/span><\/li><li style=\"font-weight: 400;\" aria-level=\"1\"><span style=\"font-weight: 400;\">Increase visible policing and public trust in law enforcement through actions.<\/span><\/li><li style=\"font-weight: 400;\" aria-level=\"1\"><span style=\"font-weight: 400;\">Demand an immediate ceasefire and Free Palestine.<\/span><\/li><li style=\"font-weight: 400;\" aria-level=\"1\"><span style=\"font-weight: 400;\">Israeli authorities must be held accountable for war crimes and genocide in Gaza.<\/span><\/li><li style=\"font-weight: 400;\" aria-level=\"1\"><span style=\"font-weight: 400;\">Stop arms shipments to Israel and implement international trade sanctions.<\/span><\/li><\/ul>\t\t\t\t\t\t<\/div>\n\t\t\t\t<\/div>\n\t\t\t\t\t<\/div>\n\t\t\t\t<\/div>\n\t\t\t\t<\/div>\n\t\t","protected":false},"excerpt":{"rendered":"<p>Let&#8217;s vote for a united society Let\u2019s vote for women\u2019s rights Let\u2019s vote for nature Let\u2019s vote for peace Short version: Secure housing for the people \u2013 not investors Housing for the people, not for investors Quality housing for everyone, regardless of income Implementation of stricter regulations to prevent speculation in the housing market. Imposing [&hellip;]<\/p>\n","protected":false},"author":2,"featured_media":0,"parent":0,"menu_order":0,"comment_status":"closed","ping_status":"closed","template":"","meta":{"footnotes":""},"malefni":[],"class_list":["post-2844","page","type-page","status-publish","hentry"],"_links":{"self":[{"href":"https:\/\/x24.vg.is\/en\/wp-json\/wp\/v2\/pages\/2844","targetHints":{"allow":["GET"]}}],"collection":[{"href":"https:\/\/x24.vg.is\/en\/wp-json\/wp\/v2\/pages"}],"about":[{"href":"https:\/\/x24.vg.is\/en\/wp-json\/wp\/v2\/types\/page"}],"author":[{"embeddable":true,"href":"https:\/\/x24.vg.is\/en\/wp-json\/wp\/v2\/users\/2"}],"replies":[{"embeddable":true,"href":"https:\/\/x24.vg.is\/en\/wp-json\/wp\/v2\/comments?post=2844"}],"version-history":[{"count":15,"href":"https:\/\/x24.vg.is\/en\/wp-json\/wp\/v2\/pages\/2844\/revisions"}],"predecessor-version":[{"id":2950,"href":"https:\/\/x24.vg.is\/en\/wp-json\/wp\/v2\/pages\/2844\/revisions\/2950"}],"wp:attachment":[{"href":"https:\/\/x24.vg.is\/en\/wp-json\/wp\/v2\/media?parent=2844"}],"wp:term":[{"taxonomy":"malefni","embeddable":true,"href":"https:\/\/x24.vg.is\/en\/wp-json\/wp\/v2\/malefni?post=2844"}],"curies":[{"name":"wp","href":"https:\/\/api.w.org\/{rel}","templated":true}]}}